{"id":767,"date":"2018-12-27T11:59:53","date_gmt":"2018-12-27T10:59:53","guid":{"rendered":"http:\/\/www.puddingtheatre.fr\/?page_id=767"},"modified":"2023-05-30T16:11:36","modified_gmt":"2023-05-30T15:11:36","slug":"contacts","status":"publish","type":"page","link":"http:\/\/www.puddingtheatre.fr\/?page_id=767","title":{"rendered":"CONTACTS"},"content":{"rendered":"\t\t<div data-elementor-type=\"wp-page\" data-elementor-id=\"767\" class=\"elementor elementor-767\">\n\t\t\t\t\t\t<section class=\"elementor-section elementor-top-section elementor-element elementor-element-62b6305b elementor-section-full_width elementor-section-stretched elementor-section-height-default elementor-section-height-default\" data-id=\"62b6305b\" data-element_type=\"section\" data-e-type=\"section\" data-settings=\"{&quot;stretch_section&quot;:&quot;section-stretched&quot;}\">\n\t\t\t\t\t\t<div class=\"elementor-container elementor-column-gap-wide\">\n\t\t\t\t\t<div class=\"elementor-column elementor-col-100 elementor-top-column elementor-element elementor-element-24e2260e\" data-id=\"24e2260e\" data-element_type=\"column\" data-e-type=\"column\">\n\t\t\t<div class=\"elementor-widget-wrap elementor-element-populated\">\n\t\t\t\t\t\t<div class=\"elementor-element elementor-element-19d3bc7 elementor-widget elementor-widget-heading\" data-id=\"19d3bc7\" data-element_type=\"widget\" data-e-type=\"widget\" data-widget_type=\"heading.default\">\n\t\t\t\t<div class=\"elementor-widget-container\">\n\t\t\t\t\t<h1 class=\"elementor-heading-title elementor-size-default\">Nous contacter<\/h1>\t\t\t\t<\/div>\n\t\t\t\t<\/div>\n\t\t\t\t<div class=\"elementor-element elementor-element-d237e10 elementor-widget-divider--view-line elementor-widget elementor-widget-divider\" data-id=\"d237e10\" data-element_type=\"widget\" data-e-type=\"widget\" data-widget_type=\"divider.default\">\n\t\t\t\t<div class=\"elementor-widget-container\">\n\t\t\t\t\t\t\t<div class=\"elementor-divider\">\n\t\t\t<span class=\"elementor-divider-separator\">\n\t\t\t\t\t\t<\/span>\n\t\t<\/div>\n\t\t\t\t\t\t<\/div>\n\t\t\t\t<\/div>\n\t\t\t\t<div class=\"elementor-element elementor-element-40ecb1b7 elementor-widget elementor-widget-text-editor\" data-id=\"40ecb1b7\" data-element_type=\"widget\" data-e-type=\"widget\" data-widget_type=\"text-editor.default\">\n\t\t\t\t<div class=\"elementor-widget-container\">\n\t\t\t\t\t\t\t\t\t<p style=\"text-align: center;\"><span style=\"font-weight: 400;\">Par voie postale, t\u00e9l\u00e9phonique ou \u00e9lectronique, nous sommes l\u00e0 !<\/span><\/p><p style=\"text-align: center;\"><strong>EMAIL :<\/strong><br \/><a href=\"mailto:puddingtheatre1@gmail.com\"><span style=\"font-weight: 400;\">puddingtheatre1@gmail.com<\/span><\/a><strong>\u00a0<\/strong><\/p>\t\t\t\t\t\t\t\t<\/div>\n\t\t\t\t<\/div>\n\t\t\t\t<section class=\"elementor-section elementor-inner-section elementor-element elementor-element-b26cf87 elementor-section-boxed elementor-section-height-default elementor-section-height-default\" data-id=\"b26cf87\" data-element_type=\"section\" data-e-type=\"section\">\n\t\t\t\t\t\t<div class=\"elementor-container elementor-column-gap-default\">\n\t\t\t\t\t<div class=\"elementor-column elementor-col-33 elementor-inner-column elementor-element elementor-element-1a253bc\" data-id=\"1a253bc\" data-element_type=\"column\" data-e-type=\"column\">\n\t\t\t<div class=\"elementor-widget-wrap elementor-element-populated\">\n\t\t\t\t\t\t<div class=\"elementor-element elementor-element-e1f04d2 elementor-widget elementor-widget-heading\" data-id=\"e1f04d2\" data-element_type=\"widget\" data-e-type=\"widget\" data-widget_type=\"heading.default\">\n\t\t\t\t<div class=\"elementor-widget-container\">\n\t\t\t\t\t<h2 class=\"elementor-heading-title elementor-size-default\">Isabelle<\/h2>\t\t\t\t<\/div>\n\t\t\t\t<\/div>\n\t\t\t\t<div class=\"elementor-element elementor-element-f940cda elementor-widget elementor-widget-text-editor\" data-id=\"f940cda\" data-element_type=\"widget\" data-e-type=\"widget\" data-widget_type=\"text-editor.default\">\n\t\t\t\t<div class=\"elementor-widget-container\">\n\t\t\t\t\t\t\t\t\t<p style=\"text-align: center;\"><span style=\"font-weight: 400;\">Pour l&rsquo;administration et les projets de territoire.<\/span><\/p><p style=\"text-align: center;\"><strong>03 84 73 38 21<\/strong><\/p><p>\u00a0<\/p>\t\t\t\t\t\t\t\t<\/div>\n\t\t\t\t<\/div>\n\t\t\t\t\t<\/div>\n\t\t<\/div>\n\t\t\t\t<div class=\"elementor-column elementor-col-33 elementor-inner-column elementor-element elementor-element-e44de89\" data-id=\"e44de89\" data-element_type=\"column\" data-e-type=\"column\">\n\t\t\t<div class=\"elementor-widget-wrap elementor-element-populated\">\n\t\t\t\t\t\t<div class=\"elementor-element elementor-element-e36c7fa elementor-widget elementor-widget-heading\" data-id=\"e36c7fa\" data-element_type=\"widget\" data-e-type=\"widget\" data-widget_type=\"heading.default\">\n\t\t\t\t<div class=\"elementor-widget-container\">\n\t\t\t\t\t<h2 class=\"elementor-heading-title elementor-size-default\">Camille<\/h2>\t\t\t\t<\/div>\n\t\t\t\t<\/div>\n\t\t\t\t<div class=\"elementor-element elementor-element-b3c0deb elementor-widget elementor-widget-text-editor\" data-id=\"b3c0deb\" data-element_type=\"widget\" data-e-type=\"widget\" data-widget_type=\"text-editor.default\">\n\t\t\t\t<div class=\"elementor-widget-container\">\n\t\t\t\t\t\t\t\t\t<p style=\"text-align: center;\"><span style=\"font-weight: 400;\">Pour le d\u00e9veloppement \u00e0 l&rsquo;international et la production.<br><br><strong>06 64 97 21 78<\/strong><\/span><\/p>\t\t\t\t\t\t\t\t<\/div>\n\t\t\t\t<\/div>\n\t\t\t\t\t<\/div>\n\t\t<\/div>\n\t\t\t\t<div class=\"elementor-column elementor-col-33 elementor-inner-column elementor-element elementor-element-88ae2fb\" data-id=\"88ae2fb\" data-element_type=\"column\" data-e-type=\"column\">\n\t\t\t<div class=\"elementor-widget-wrap elementor-element-populated\">\n\t\t\t\t\t\t<div class=\"elementor-element elementor-element-7782a73 elementor-widget elementor-widget-heading\" data-id=\"7782a73\" data-element_type=\"widget\" data-e-type=\"widget\" data-widget_type=\"heading.default\">\n\t\t\t\t<div class=\"elementor-widget-container\">\n\t\t\t\t\t<h2 class=\"elementor-heading-title elementor-size-default\">Christophe &amp; Sylvie<\/h2>\t\t\t\t<\/div>\n\t\t\t\t<\/div>\n\t\t\t\t<div class=\"elementor-element elementor-element-253d103 elementor-widget elementor-widget-text-editor\" data-id=\"253d103\" data-element_type=\"widget\" data-e-type=\"widget\" data-widget_type=\"text-editor.default\">\n\t\t\t\t<div class=\"elementor-widget-container\">\n\t\t\t\t\t\t\t\t\t<p style=\"text-align: center;\">Pour discuter de l&rsquo;artistique.<\/p><p style=\"text-align: center;\"><strong>07 81 04 66 69<\/strong><\/p>\t\t\t\t\t\t\t\t<\/div>\n\t\t\t\t<\/div>\n\t\t\t\t\t<\/div>\n\t\t<\/div>\n\t\t\t\t\t<\/div>\n\t\t<\/section>\n\t\t\t\t<div class=\"elementor-element elementor-element-c4e0bf3 elementor-widget elementor-widget-text-editor\" data-id=\"c4e0bf3\" data-element_type=\"widget\" data-e-type=\"widget\" data-widget_type=\"text-editor.default\">\n\t\t\t\t<div class=\"elementor-widget-container\">\n\t\t\t\t\t\t\t\t\t<p style=\"text-align: center;\"><strong>Pour venir nous voir :<\/strong><\/p><p style=\"text-align: center;\">1B rue Vermot<br \/>39 600 Mesnay<\/p>\t\t\t\t\t\t\t\t<\/div>\n\t\t\t\t<\/div>\n\t\t\t\t<div class=\"elementor-element elementor-element-d67d732 elementor-widget elementor-widget-google_maps\" data-id=\"d67d732\" data-element_type=\"widget\" data-e-type=\"widget\" data-widget_type=\"google_maps.default\">\n\t\t\t\t<div class=\"elementor-widget-container\">\n\t\t\t\t\t\t\t<div class=\"elementor-custom-embed\">\n\t\t\t<iframe loading=\"lazy\"\n\t\t\t\t\tsrc=\"https:\/\/maps.google.com\/maps?q=1B%20rue%20Vermot%2039600%20MESNAY&#038;t=m&#038;z=11&#038;output=embed&#038;iwloc=near\"\n\t\t\t\t\ttitle=\"1B rue Vermot 39600 MESNAY\"\n\t\t\t\t\taria-label=\"1B rue Vermot 39600 MESNAY\"\n\t\t\t><\/iframe>\n\t\t<\/div>\n\t\t\t\t\t\t<\/div>\n\t\t\t\t<\/div>\n\t\t\t\t\t<\/div>\n\t\t<\/div>\n\t\t\t\t\t<\/div>\n\t\t<\/section>\n\t\t\t\t<section class=\"elementor-section elementor-top-section elementor-element elementor-element-e82e8a6 elementor-section-stretched elementor-section-boxed elementor-section-height-default elementor-section-height-default\" data-id=\"e82e8a6\" data-element_type=\"section\" data-e-type=\"section\" data-settings=\"{&quot;stretch_section&quot;:&quot;section-stretched&quot;}\">\n\t\t\t\t\t\t<div class=\"elementor-container elementor-column-gap-default\">\n\t\t\t\t\t<div class=\"elementor-column elementor-col-100 elementor-top-column elementor-element elementor-element-35b6562\" data-id=\"35b6562\" data-element_type=\"column\" data-e-type=\"column\">\n\t\t\t<div class=\"elementor-widget-wrap elementor-element-populated\">\n\t\t\t\t\t\t<div class=\"elementor-element elementor-element-0f22c5a elementor-shape-rounded elementor-grid-0 e-grid-align-center elementor-widget elementor-widget-social-icons\" data-id=\"0f22c5a\" data-element_type=\"widget\" data-e-type=\"widget\" data-widget_type=\"social-icons.default\">\n\t\t\t\t<div class=\"elementor-widget-container\">\n\t\t\t\t\t\t\t<div class=\"elementor-social-icons-wrapper elementor-grid\" role=\"list\">\n\t\t\t\t\t\t\t<span class=\"elementor-grid-item\" role=\"listitem\">\n\t\t\t\t\t<a class=\"elementor-icon elementor-social-icon elementor-social-icon-facebook elementor-repeater-item-e6d4f7b\" href=\"https:\/\/www.facebook.com\/pudding.theatre\" target=\"_blank\">\n\t\t\t\t\t\t<span class=\"elementor-screen-only\">Facebook<\/span>\n\t\t\t\t\t\t<i aria-hidden=\"true\" class=\"fab fa-facebook\"><\/i>\t\t\t\t\t<\/a>\n\t\t\t\t<\/span>\n\t\t\t\t\t\t\t<span class=\"elementor-grid-item\" role=\"listitem\">\n\t\t\t\t\t<a class=\"elementor-icon elementor-social-icon elementor-social-icon-youtube elementor-repeater-item-9b66388\" href=\"https:\/\/www.youtube.com\/channel\/UCfkST3uYoWHT-AAJYJRvrdA\" target=\"_blank\">\n\t\t\t\t\t\t<span class=\"elementor-screen-only\">Youtube<\/span>\n\t\t\t\t\t\t<i aria-hidden=\"true\" class=\"fab fa-youtube\"><\/i>\t\t\t\t\t<\/a>\n\t\t\t\t<\/span>\n\t\t\t\t\t<\/div>\n\t\t\t\t\t\t<\/div>\n\t\t\t\t<\/div>\n\t\t\t\t\t<\/div>\n\t\t<\/div>\n\t\t\t\t\t<\/div>\n\t\t<\/section>\n\t\t\t\t<\/div>\n\t\t","protected":false},"excerpt":{"rendered":"<p>Nous contacter Par voie postale, t\u00e9l\u00e9phonique ou \u00e9lectronique, nous sommes l\u00e0 ! EMAIL :puddingtheatre1@gmail.com\u00a0 Isabelle Pour l&rsquo;administration et les projets de territoire. 03 84 73 38 21 \u00a0 Camille Pour &hellip;<\/p>\n<p class=\"read-more\"> <a class=\"\" href=\"http:\/\/www.puddingtheatre.fr\/?page_id=767\"> <span class=\"screen-reader-text\">CONTACTS<\/span> Lire la suite\u00a0\u00bb<\/a><\/p>\n","protected":false},"author":2,"featured_media":1309,"parent":0,"menu_order":0,"comment_status":"closed","ping_status":"closed","template":"elementor_header_footer","meta":{"_monsterinsights_skip_tracking":false,"_monsterinsights_sitenote_active":false,"_monsterinsights_sitenote_note":"","_monsterinsights_sitenote_category":0,"site-sidebar-layout":"default","site-content-layout":"default","ast-global-header-display":"","ast-banner-title-visibility":"","ast-main-header-display":"","ast-hfb-above-header-display":"","ast-hfb-below-header-display":"","ast-hfb-mobile-header-display":"","site-post-title":"","ast-breadcrumbs-content":"","ast-featured-img":"","footer-sml-layout":"","theme-transparent-header-meta":"","adv-header-id-meta":"","stick-header-meta":"","header-above-stick-meta":"","header-main-stick-meta":"","header-below-stick-meta":"","ngg_post_thumbnail":0,"footnotes":""},"class_list":["post-767","page","type-page","status-publish","has-post-thumbnail","hentry"],"yoast_head":"<!-- This site is optimized with the Yoast SEO plugin v25.9 - https:\/\/yoast.com\/wordpress\/plugins\/seo\/ -->\n<title>CONTACTS - Compagnie de Th\u00e9\u00e2tre de Rue<\/title>\n<meta name=\"robots\" content=\"index, follow, max-snippet:-1, max-image-preview:large, max-video-preview:-1\" \/>\n<link rel=\"canonical\" href=\"http:\/\/www.puddingtheatre.fr\/?page_id=767\" \/>\n<meta property=\"og:locale\" content=\"fr_FR\" \/>\n<meta property=\"og:type\" content=\"article\" \/>\n<meta property=\"og:title\" content=\"CONTACTS - Compagnie de Th\u00e9\u00e2tre de Rue\" \/>\n<meta property=\"og:description\" content=\"Nous contacter Par voie postale, t\u00e9l\u00e9phonique ou \u00e9lectronique, nous sommes l\u00e0 ! EMAIL :puddingtheatre1@gmail.com\u00a0 Isabelle Pour l&rsquo;administration et les projets de territoire. 03 84 73 38 21 \u00a0 Camille Pour &hellip; CONTACTS Lire la suite\u00a0\u00bb\" \/>\n<meta property=\"og:url\" content=\"http:\/\/www.puddingtheatre.fr\/?page_id=767\" \/>\n<meta property=\"og:site_name\" content=\"Compagnie de Th\u00e9\u00e2tre de Rue\" \/>\n<meta property=\"article:modified_time\" content=\"2023-05-30T15:11:36+00:00\" \/>\n<meta property=\"og:image\" content=\"http:\/\/www.puddingtheatre.fr\/wp-content\/uploads\/2019\/12\/contact-us-1908763_1920.png\" \/>\n\t<meta property=\"og:image:width\" content=\"1920\" \/>\n\t<meta property=\"og:image:height\" content=\"551\" \/>\n\t<meta property=\"og:image:type\" content=\"image\/png\" \/>\n<script type=\"application\/ld+json\" class=\"yoast-schema-graph\">{\"@context\":\"https:\/\/schema.org\",\"@graph\":[{\"@type\":\"WebPage\",\"@id\":\"http:\/\/www.puddingtheatre.fr\/?page_id=767\",\"url\":\"http:\/\/www.puddingtheatre.fr\/?page_id=767\",\"name\":\"CONTACTS - Compagnie de Th\u00e9\u00e2tre de Rue\",\"isPartOf\":{\"@id\":\"http:\/\/www.puddingtheatre.fr\/#website\"},\"primaryImageOfPage\":{\"@id\":\"http:\/\/www.puddingtheatre.fr\/?page_id=767#primaryimage\"},\"image\":{\"@id\":\"http:\/\/www.puddingtheatre.fr\/?page_id=767#primaryimage\"},\"thumbnailUrl\":\"http:\/\/www.puddingtheatre.fr\/wp-content\/uploads\/2019\/12\/contact-us-1908763_1920.png\",\"datePublished\":\"2018-12-27T10:59:53+00:00\",\"dateModified\":\"2023-05-30T15:11:36+00:00\",\"inLanguage\":\"fr-FR\",\"potentialAction\":[{\"@type\":\"ReadAction\",\"target\":[\"http:\/\/www.puddingtheatre.fr\/?page_id=767\"]}]},{\"@type\":\"ImageObject\",\"inLanguage\":\"fr-FR\",\"@id\":\"http:\/\/www.puddingtheatre.fr\/?page_id=767#primaryimage\",\"url\":\"http:\/\/www.puddingtheatre.fr\/wp-content\/uploads\/2019\/12\/contact-us-1908763_1920.png\",\"contentUrl\":\"http:\/\/www.puddingtheatre.fr\/wp-content\/uploads\/2019\/12\/contact-us-1908763_1920.png\",\"width\":1920,\"height\":551},{\"@type\":\"WebSite\",\"@id\":\"http:\/\/www.puddingtheatre.fr\/#website\",\"url\":\"http:\/\/www.puddingtheatre.fr\/\",\"name\":\"Compagnie de Th\u00e9\u00e2tre de Rue\",\"description\":\"\",\"publisher\":{\"@id\":\"http:\/\/www.puddingtheatre.fr\/#organization\"},\"potentialAction\":[{\"@type\":\"SearchAction\",\"target\":{\"@type\":\"EntryPoint\",\"urlTemplate\":\"http:\/\/www.puddingtheatre.fr\/?s={search_term_string}\"},\"query-input\":{\"@type\":\"PropertyValueSpecification\",\"valueRequired\":true,\"valueName\":\"search_term_string\"}}],\"inLanguage\":\"fr-FR\"},{\"@type\":\"Organization\",\"@id\":\"http:\/\/www.puddingtheatre.fr\/#organization\",\"name\":\"Compagnie de Th\u00e9\u00e2tre de Rue\",\"url\":\"http:\/\/www.puddingtheatre.fr\/\",\"logo\":{\"@type\":\"ImageObject\",\"inLanguage\":\"fr-FR\",\"@id\":\"http:\/\/www.puddingtheatre.fr\/#\/schema\/logo\/image\/\",\"url\":\"http:\/\/www.puddingtheatre.fr\/wp-content\/uploads\/2023\/04\/cropped-LOGO-noir-sur-blanc.png\",\"contentUrl\":\"http:\/\/www.puddingtheatre.fr\/wp-content\/uploads\/2023\/04\/cropped-LOGO-noir-sur-blanc.png\",\"width\":499,\"height\":329,\"caption\":\"Compagnie de Th\u00e9\u00e2tre de Rue\"},\"image\":{\"@id\":\"http:\/\/www.puddingtheatre.fr\/#\/schema\/logo\/image\/\"}}]}<\/script>\n<!-- \/ Yoast SEO plugin. -->","yoast_head_json":{"title":"CONTACTS - Compagnie de Th\u00e9\u00e2tre de Rue","robots":{"index":"index","follow":"follow","max-snippet":"max-snippet:-1","max-image-preview":"max-image-preview:large","max-video-preview":"max-video-preview:-1"},"canonical":"http:\/\/www.puddingtheatre.fr\/?page_id=767","og_locale":"fr_FR","og_type":"article","og_title":"CONTACTS - Compagnie de Th\u00e9\u00e2tre de Rue","og_description":"Nous contacter Par voie postale, t\u00e9l\u00e9phonique ou \u00e9lectronique, nous sommes l\u00e0 ! EMAIL :puddingtheatre1@gmail.com\u00a0 Isabelle Pour l&rsquo;administration et les projets de territoire. 03 84 73 38 21 \u00a0 Camille Pour &hellip; CONTACTS Lire la suite\u00a0\u00bb","og_url":"http:\/\/www.puddingtheatre.fr\/?page_id=767","og_site_name":"Compagnie de Th\u00e9\u00e2tre de Rue","article_modified_time":"2023-05-30T15:11:36+00:00","og_image":[{"width":1920,"height":551,"url":"http:\/\/www.puddingtheatre.fr\/wp-content\/uploads\/2019\/12\/contact-us-1908763_1920.png","type":"image\/png"}],"schema":{"@context":"https:\/\/schema.org","@graph":[{"@type":"WebPage","@id":"http:\/\/www.puddingtheatre.fr\/?page_id=767","url":"http:\/\/www.puddingtheatre.fr\/?page_id=767","name":"CONTACTS - Compagnie de Th\u00e9\u00e2tre de Rue","isPartOf":{"@id":"http:\/\/www.puddingtheatre.fr\/#website"},"primaryImageOfPage":{"@id":"http:\/\/www.puddingtheatre.fr\/?page_id=767#primaryimage"},"image":{"@id":"http:\/\/www.puddingtheatre.fr\/?page_id=767#primaryimage"},"thumbnailUrl":"http:\/\/www.puddingtheatre.fr\/wp-content\/uploads\/2019\/12\/contact-us-1908763_1920.png","datePublished":"2018-12-27T10:59:53+00:00","dateModified":"2023-05-30T15:11:36+00:00","inLanguage":"fr-FR","potentialAction":[{"@type":"ReadAction","target":["http:\/\/www.puddingtheatre.fr\/?page_id=767"]}]},{"@type":"ImageObject","inLanguage":"fr-FR","@id":"http:\/\/www.puddingtheatre.fr\/?page_id=767#primaryimage","url":"http:\/\/www.puddingtheatre.fr\/wp-content\/uploads\/2019\/12\/contact-us-1908763_1920.png","contentUrl":"http:\/\/www.puddingtheatre.fr\/wp-content\/uploads\/2019\/12\/contact-us-1908763_1920.png","width":1920,"height":551},{"@type":"WebSite","@id":"http:\/\/www.puddingtheatre.fr\/#website","url":"http:\/\/www.puddingtheatre.fr\/","name":"Compagnie de Th\u00e9\u00e2tre de Rue","description":"","publisher":{"@id":"http:\/\/www.puddingtheatre.fr\/#organization"},"potentialAction":[{"@type":"SearchAction","target":{"@type":"EntryPoint","urlTemplate":"http:\/\/www.puddingtheatre.fr\/?s={search_term_string}"},"query-input":{"@type":"PropertyValueSpecification","valueRequired":true,"valueName":"search_term_string"}}],"inLanguage":"fr-FR"},{"@type":"Organization","@id":"http:\/\/www.puddingtheatre.fr\/#organization","name":"Compagnie de Th\u00e9\u00e2tre de Rue","url":"http:\/\/www.puddingtheatre.fr\/","logo":{"@type":"ImageObject","inLanguage":"fr-FR","@id":"http:\/\/www.puddingtheatre.fr\/#\/schema\/logo\/image\/","url":"http:\/\/www.puddingtheatre.fr\/wp-content\/uploads\/2023\/04\/cropped-LOGO-noir-sur-blanc.png","contentUrl":"http:\/\/www.puddingtheatre.fr\/wp-content\/uploads\/2023\/04\/cropped-LOGO-noir-sur-blanc.png","width":499,"height":329,"caption":"Compagnie de Th\u00e9\u00e2tre de Rue"},"image":{"@id":"http:\/\/www.puddingtheatre.fr\/#\/schema\/logo\/image\/"}}]}},"_links":{"self":[{"href":"http:\/\/www.puddingtheatre.fr\/index.php?rest_route=\/wp\/v2\/pages\/767","targetHints":{"allow":["GET"]}}],"collection":[{"href":"http:\/\/www.puddingtheatre.fr\/index.php?rest_route=\/wp\/v2\/pages"}],"about":[{"href":"http:\/\/www.puddingtheatre.fr\/index.php?rest_route=\/wp\/v2\/types\/page"}],"author":[{"embeddable":true,"href":"http:\/\/www.puddingtheatre.fr\/index.php?rest_route=\/wp\/v2\/users\/2"}],"replies":[{"embeddable":true,"href":"http:\/\/www.puddingtheatre.fr\/index.php?rest_route=%2Fwp%2Fv2%2Fcomments&post=767"}],"version-history":[{"count":46,"href":"http:\/\/www.puddingtheatre.fr\/index.php?rest_route=\/wp\/v2\/pages\/767\/revisions"}],"predecessor-version":[{"id":2787,"href":"http:\/\/www.puddingtheatre.fr\/index.php?rest_route=\/wp\/v2\/pages\/767\/revisions\/2787"}],"wp:featuredmedia":[{"embeddable":true,"href":"http:\/\/www.puddingtheatre.fr\/index.php?rest_route=\/wp\/v2\/media\/1309"}],"wp:attachment":[{"href":"http:\/\/www.puddingtheatre.fr\/index.php?rest_route=%2Fwp%2Fv2%2Fmedia&parent=767"}],"curies":[{"name":"wp","href":"https:\/\/api.w.org\/{rel}","templated":true}]}}