{"id":761,"date":"2018-12-27T11:59:09","date_gmt":"2018-12-27T10:59:09","guid":{"rendered":"http:\/\/www.puddingtheatre.fr\/?page_id=761"},"modified":"2024-02-13T10:57:25","modified_gmt":"2024-02-13T09:57:25","slug":"adhesions","status":"publish","type":"page","link":"http:\/\/www.puddingtheatre.fr\/?page_id=761","title":{"rendered":"Adh\u00e9sions"},"content":{"rendered":"\t\t<div data-elementor-type=\"wp-page\" data-elementor-id=\"761\" class=\"elementor elementor-761\">\n\t\t\t\t\t\t<section class=\"elementor-section elementor-top-section elementor-element elementor-element-11b3a20c elementor-section-full_width elementor-section-stretched elementor-section-height-default elementor-section-height-default\" data-id=\"11b3a20c\" data-element_type=\"section\" data-e-type=\"section\" data-settings=\"{&quot;stretch_section&quot;:&quot;section-stretched&quot;}\">\n\t\t\t\t\t\t<div class=\"elementor-container elementor-column-gap-default\">\n\t\t\t\t\t<div class=\"elementor-column elementor-col-100 elementor-top-column elementor-element elementor-element-68be0cfd\" data-id=\"68be0cfd\" data-element_type=\"column\" data-e-type=\"column\">\n\t\t\t<div class=\"elementor-widget-wrap elementor-element-populated\">\n\t\t\t\t\t\t<div class=\"elementor-element elementor-element-782a8a9 elementor-widget elementor-widget-heading\" data-id=\"782a8a9\" data-element_type=\"widget\" data-e-type=\"widget\" data-widget_type=\"heading.default\">\n\t\t\t\t<div class=\"elementor-widget-container\">\n\t\t\t\t\t<h1 class=\"elementor-heading-title elementor-size-default\">Adh\u00e9sions<\/h1>\t\t\t\t<\/div>\n\t\t\t\t<\/div>\n\t\t\t\t<div class=\"elementor-element elementor-element-14b441f elementor-widget-divider--view-line elementor-widget elementor-widget-divider\" data-id=\"14b441f\" data-element_type=\"widget\" data-e-type=\"widget\" data-widget_type=\"divider.default\">\n\t\t\t\t<div class=\"elementor-widget-container\">\n\t\t\t\t\t\t\t<div class=\"elementor-divider\">\n\t\t\t<span class=\"elementor-divider-separator\">\n\t\t\t\t\t\t<\/span>\n\t\t<\/div>\n\t\t\t\t\t\t<\/div>\n\t\t\t\t<\/div>\n\t\t\t\t<div class=\"elementor-element elementor-element-10b5888 elementor-widget elementor-widget-spacer\" data-id=\"10b5888\" data-element_type=\"widget\" data-e-type=\"widget\" data-widget_type=\"spacer.default\">\n\t\t\t\t<div class=\"elementor-widget-container\">\n\t\t\t\t\t\t\t<div class=\"elementor-spacer\">\n\t\t\t<div class=\"elementor-spacer-inner\"><\/div>\n\t\t<\/div>\n\t\t\t\t\t\t<\/div>\n\t\t\t\t<\/div>\n\t\t\t\t<div class=\"elementor-element elementor-element-f534674 elementor-widget elementor-widget-text-editor\" data-id=\"f534674\" data-element_type=\"widget\" data-e-type=\"widget\" data-widget_type=\"text-editor.default\">\n\t\t\t\t<div class=\"elementor-widget-container\">\n\t\t\t\t\t\t\t\t\t<p>En tant qu\u2019association culturelle, nous fonctionnons par syst\u00e8me d\u2019adh\u00e9sion.<\/p><p>Si vous voulez exprimer votre amour pour le Pudding, c\u2019est tr\u00e8s simple !<\/p><p>Il suffit de cliquer sur le lien ci-dessous et de remplir le formulaire.<\/p>\t\t\t\t\t\t\t\t<\/div>\n\t\t\t\t<\/div>\n\t\t\t\t\t<\/div>\n\t\t<\/div>\n\t\t\t\t\t<\/div>\n\t\t<\/section>\n\t\t\t\t<section class=\"elementor-section elementor-top-section elementor-element elementor-element-599e98a elementor-section-boxed elementor-section-height-default elementor-section-height-default\" data-id=\"599e98a\" data-element_type=\"section\" data-e-type=\"section\">\n\t\t\t\t\t\t<div class=\"elementor-container elementor-column-gap-default\">\n\t\t\t\t\t<div class=\"elementor-column elementor-col-100 elementor-top-column elementor-element elementor-element-beaf528\" data-id=\"beaf528\" data-element_type=\"column\" data-e-type=\"column\">\n\t\t\t<div class=\"elementor-widget-wrap elementor-element-populated\">\n\t\t\t\t\t\t<div class=\"elementor-element elementor-element-beb8677 elementor-widget elementor-widget-button\" data-id=\"beb8677\" data-element_type=\"widget\" data-e-type=\"widget\" data-widget_type=\"button.default\">\n\t\t\t\t<div class=\"elementor-widget-container\">\n\t\t\t\t\t\t\t\t\t<div class=\"elementor-button-wrapper\">\n\t\t\t\t\t<a class=\"elementor-button elementor-button-link elementor-size-sm\" href=\"#\">\n\t\t\t\t\t\t<span class=\"elementor-button-content-wrapper\">\n\t\t\t\t\t\t\t\t\t<span class=\"elementor-button-text\">Cliquez ici<\/span>\n\t\t\t\t\t<\/span>\n\t\t\t\t\t<\/a>\n\t\t\t\t<\/div>\n\t\t\t\t\t\t\t\t<\/div>\n\t\t\t\t<\/div>\n\t\t\t\t\t<\/div>\n\t\t<\/div>\n\t\t\t\t\t<\/div>\n\t\t<\/section>\n\t\t\t\t<\/div>\n\t\t","protected":false},"excerpt":{"rendered":"<p>Adh\u00e9sions En tant qu\u2019association culturelle, nous fonctionnons par syst\u00e8me d\u2019adh\u00e9sion. Si vous voulez exprimer votre amour pour le Pudding, c\u2019est tr\u00e8s simple ! Il suffit de cliquer sur le lien &hellip;<\/p>\n<p class=\"read-more\"> <a class=\"\" href=\"http:\/\/www.puddingtheatre.fr\/?page_id=761\"> <span class=\"screen-reader-text\">Adh\u00e9sions<\/span> Lire la suite\u00a0\u00bb<\/a><\/p>\n","protected":false},"author":2,"featured_media":0,"parent":0,"menu_order":0,"comment_status":"closed","ping_status":"closed","template":"elementor_header_footer","meta":{"_monsterinsights_skip_tracking":false,"_monsterinsights_sitenote_active":false,"_monsterinsights_sitenote_note":"","_monsterinsights_sitenote_category":0,"site-sidebar-layout":"default","site-content-layout":"default","ast-global-header-display":"","ast-banner-title-visibility":"","ast-main-header-display":"","ast-hfb-above-header-display":"","ast-hfb-below-header-display":"","ast-hfb-mobile-header-display":"","site-post-title":"","ast-breadcrumbs-content":"","ast-featured-img":"","footer-sml-layout":"","theme-transparent-header-meta":"","adv-header-id-meta":"","stick-header-meta":"","header-above-stick-meta":"","header-main-stick-meta":"","header-below-stick-meta":"","ngg_post_thumbnail":0,"footnotes":""},"class_list":["post-761","page","type-page","status-publish","hentry"],"yoast_head":"<!-- This site is optimized with the Yoast SEO plugin v25.9 - https:\/\/yoast.com\/wordpress\/plugins\/seo\/ -->\n<title>Adh\u00e9sions - Compagnie de Th\u00e9\u00e2tre de Rue<\/title>\n<meta name=\"robots\" content=\"index, follow, max-snippet:-1, max-image-preview:large, max-video-preview:-1\" \/>\n<link rel=\"canonical\" href=\"http:\/\/www.puddingtheatre.fr\/?page_id=761\" \/>\n<meta property=\"og:locale\" content=\"fr_FR\" \/>\n<meta property=\"og:type\" content=\"article\" \/>\n<meta property=\"og:title\" content=\"Adh\u00e9sions - Compagnie de Th\u00e9\u00e2tre de Rue\" \/>\n<meta property=\"og:description\" content=\"Adh\u00e9sions En tant qu\u2019association culturelle, nous fonctionnons par syst\u00e8me d\u2019adh\u00e9sion. Si vous voulez exprimer votre amour pour le Pudding, c\u2019est tr\u00e8s simple ! Il suffit de cliquer sur le lien &hellip; Adh\u00e9sions Lire la suite\u00a0\u00bb\" \/>\n<meta property=\"og:url\" content=\"http:\/\/www.puddingtheatre.fr\/?page_id=761\" \/>\n<meta property=\"og:site_name\" content=\"Compagnie de Th\u00e9\u00e2tre de Rue\" \/>\n<meta property=\"article:modified_time\" content=\"2024-02-13T09:57:25+00:00\" \/>\n<script type=\"application\/ld+json\" class=\"yoast-schema-graph\">{\"@context\":\"https:\/\/schema.org\",\"@graph\":[{\"@type\":\"WebPage\",\"@id\":\"http:\/\/www.puddingtheatre.fr\/?page_id=761\",\"url\":\"http:\/\/www.puddingtheatre.fr\/?page_id=761\",\"name\":\"Adh\u00e9sions - Compagnie de Th\u00e9\u00e2tre de Rue\",\"isPartOf\":{\"@id\":\"http:\/\/www.puddingtheatre.fr\/#website\"},\"datePublished\":\"2018-12-27T10:59:09+00:00\",\"dateModified\":\"2024-02-13T09:57:25+00:00\",\"inLanguage\":\"fr-FR\",\"potentialAction\":[{\"@type\":\"ReadAction\",\"target\":[\"http:\/\/www.puddingtheatre.fr\/?page_id=761\"]}]},{\"@type\":\"WebSite\",\"@id\":\"http:\/\/www.puddingtheatre.fr\/#website\",\"url\":\"http:\/\/www.puddingtheatre.fr\/\",\"name\":\"Compagnie de Th\u00e9\u00e2tre de Rue\",\"description\":\"\",\"publisher\":{\"@id\":\"http:\/\/www.puddingtheatre.fr\/#organization\"},\"potentialAction\":[{\"@type\":\"SearchAction\",\"target\":{\"@type\":\"EntryPoint\",\"urlTemplate\":\"http:\/\/www.puddingtheatre.fr\/?s={search_term_string}\"},\"query-input\":{\"@type\":\"PropertyValueSpecification\",\"valueRequired\":true,\"valueName\":\"search_term_string\"}}],\"inLanguage\":\"fr-FR\"},{\"@type\":\"Organization\",\"@id\":\"http:\/\/www.puddingtheatre.fr\/#organization\",\"name\":\"Compagnie de Th\u00e9\u00e2tre de Rue\",\"url\":\"http:\/\/www.puddingtheatre.fr\/\",\"logo\":{\"@type\":\"ImageObject\",\"inLanguage\":\"fr-FR\",\"@id\":\"http:\/\/www.puddingtheatre.fr\/#\/schema\/logo\/image\/\",\"url\":\"http:\/\/www.puddingtheatre.fr\/wp-content\/uploads\/2023\/04\/cropped-LOGO-noir-sur-blanc.png\",\"contentUrl\":\"http:\/\/www.puddingtheatre.fr\/wp-content\/uploads\/2023\/04\/cropped-LOGO-noir-sur-blanc.png\",\"width\":499,\"height\":329,\"caption\":\"Compagnie de Th\u00e9\u00e2tre de Rue\"},\"image\":{\"@id\":\"http:\/\/www.puddingtheatre.fr\/#\/schema\/logo\/image\/\"}}]}<\/script>\n<!-- \/ Yoast SEO plugin. -->","yoast_head_json":{"title":"Adh\u00e9sions - Compagnie de Th\u00e9\u00e2tre de Rue","robots":{"index":"index","follow":"follow","max-snippet":"max-snippet:-1","max-image-preview":"max-image-preview:large","max-video-preview":"max-video-preview:-1"},"canonical":"http:\/\/www.puddingtheatre.fr\/?page_id=761","og_locale":"fr_FR","og_type":"article","og_title":"Adh\u00e9sions - Compagnie de Th\u00e9\u00e2tre de Rue","og_description":"Adh\u00e9sions En tant qu\u2019association culturelle, nous fonctionnons par syst\u00e8me d\u2019adh\u00e9sion. Si vous voulez exprimer votre amour pour le Pudding, c\u2019est tr\u00e8s simple ! Il suffit de cliquer sur le lien &hellip; Adh\u00e9sions Lire la suite\u00a0\u00bb","og_url":"http:\/\/www.puddingtheatre.fr\/?page_id=761","og_site_name":"Compagnie de Th\u00e9\u00e2tre de Rue","article_modified_time":"2024-02-13T09:57:25+00:00","schema":{"@context":"https:\/\/schema.org","@graph":[{"@type":"WebPage","@id":"http:\/\/www.puddingtheatre.fr\/?page_id=761","url":"http:\/\/www.puddingtheatre.fr\/?page_id=761","name":"Adh\u00e9sions - Compagnie de Th\u00e9\u00e2tre de Rue","isPartOf":{"@id":"http:\/\/www.puddingtheatre.fr\/#website"},"datePublished":"2018-12-27T10:59:09+00:00","dateModified":"2024-02-13T09:57:25+00:00","inLanguage":"fr-FR","potentialAction":[{"@type":"ReadAction","target":["http:\/\/www.puddingtheatre.fr\/?page_id=761"]}]},{"@type":"WebSite","@id":"http:\/\/www.puddingtheatre.fr\/#website","url":"http:\/\/www.puddingtheatre.fr\/","name":"Compagnie de Th\u00e9\u00e2tre de Rue","description":"","publisher":{"@id":"http:\/\/www.puddingtheatre.fr\/#organization"},"potentialAction":[{"@type":"SearchAction","target":{"@type":"EntryPoint","urlTemplate":"http:\/\/www.puddingtheatre.fr\/?s={search_term_string}"},"query-input":{"@type":"PropertyValueSpecification","valueRequired":true,"valueName":"search_term_string"}}],"inLanguage":"fr-FR"},{"@type":"Organization","@id":"http:\/\/www.puddingtheatre.fr\/#organization","name":"Compagnie de Th\u00e9\u00e2tre de Rue","url":"http:\/\/www.puddingtheatre.fr\/","logo":{"@type":"ImageObject","inLanguage":"fr-FR","@id":"http:\/\/www.puddingtheatre.fr\/#\/schema\/logo\/image\/","url":"http:\/\/www.puddingtheatre.fr\/wp-content\/uploads\/2023\/04\/cropped-LOGO-noir-sur-blanc.png","contentUrl":"http:\/\/www.puddingtheatre.fr\/wp-content\/uploads\/2023\/04\/cropped-LOGO-noir-sur-blanc.png","width":499,"height":329,"caption":"Compagnie de Th\u00e9\u00e2tre de Rue"},"image":{"@id":"http:\/\/www.puddingtheatre.fr\/#\/schema\/logo\/image\/"}}]}},"_links":{"self":[{"href":"http:\/\/www.puddingtheatre.fr\/index.php?rest_route=\/wp\/v2\/pages\/761","targetHints":{"allow":["GET"]}}],"collection":[{"href":"http:\/\/www.puddingtheatre.fr\/index.php?rest_route=\/wp\/v2\/pages"}],"about":[{"href":"http:\/\/www.puddingtheatre.fr\/index.php?rest_route=\/wp\/v2\/types\/page"}],"author":[{"embeddable":true,"href":"http:\/\/www.puddingtheatre.fr\/index.php?rest_route=\/wp\/v2\/users\/2"}],"replies":[{"embeddable":true,"href":"http:\/\/www.puddingtheatre.fr\/index.php?rest_route=%2Fwp%2Fv2%2Fcomments&post=761"}],"version-history":[{"count":24,"href":"http:\/\/www.puddingtheatre.fr\/index.php?rest_route=\/wp\/v2\/pages\/761\/revisions"}],"predecessor-version":[{"id":2846,"href":"http:\/\/www.puddingtheatre.fr\/index.php?rest_route=\/wp\/v2\/pages\/761\/revisions\/2846"}],"wp:attachment":[{"href":"http:\/\/www.puddingtheatre.fr\/index.php?rest_route=%2Fwp%2Fv2%2Fmedia&parent=761"}],"curies":[{"name":"wp","href":"https:\/\/api.w.org\/{rel}","templated":true}]}}