{"id":739,"date":"2018-10-23T12:49:34","date_gmt":"2018-10-23T11:49:34","guid":{"rendered":"http:\/\/www.puddingtheatre.fr\/?page_id=739"},"modified":"2019-12-16T09:17:40","modified_gmt":"2019-12-16T08:17:40","slug":"formation-workshop","status":"publish","type":"page","link":"http:\/\/www.puddingtheatre.fr\/?page_id=739","title":{"rendered":"\u00c9v\u00e9nementiels"},"content":{"rendered":"<p><span style=\"font-weight: 400;\">Nous aimons beaucoup r\u00e9pondre \u00e0 ces commandes d\u2019\u00e9criture sp\u00e9cifique pour \u00e9v\u00e9nement particulier, se mettent au service d\u2019une proposition et la teinter \u00e0 la sauce Pudding. La liste des \u00e9v\u00e9nements pass\u00e9s n\u2019a aucun int\u00e9r\u00eat mais\u2026<\/span><\/p>\n<p><span style=\"font-weight: 400;\">Celui qui nous a profond\u00e9ment marqu\u00e9 L\u2019Institutopie, en 2002 \u00e0 Besan\u00e7on.<\/span><\/p>\n<p><span style=\"font-weight: 400;\">Ou encore Mus\u00e9e ouvert, mus\u00e9e ferm\u00e9, en 2007, \u00e0 Montargis, un magnifique partenariat avec nos commanditaires.<\/span><\/p>\n<p><span style=\"font-weight: 400;\">Dans la nature \u00e0 Ax les Thermes, pour Balades, ballades.<\/span><\/p>\n<p>Le dernier en date, en juin, une journ\u00e9e extraordinaire au c\u0153ur du Coeur du Jura, avec convoyage en bus pour une destination secr\u00e8te, balade foresti\u00e8re th\u00e9\u00e2tralis\u00e9e, banquet en pleine nature pour 500 spectateurs&#8230;<\/p>\n<p><span style=\"font-weight: 400;\">Le prochain aura lieu en mai 2020, \u00e0 La Roche sur Yon, o\u00f9 la ville est en pleine restructuration.<\/span><\/p>\n","protected":false},"excerpt":{"rendered":"<p>Nous aimons beaucoup r\u00e9pondre \u00e0 ces commandes d\u2019\u00e9criture sp\u00e9cifique pour \u00e9v\u00e9nement particulier, se mettent au service d\u2019une proposition et la teinter \u00e0 la sauce Pudding. La liste des \u00e9v\u00e9nements pass\u00e9s &hellip;<\/p>\n<p class=\"read-more\"> <a class=\"\" href=\"http:\/\/www.puddingtheatre.fr\/?page_id=739\"> <span class=\"screen-reader-text\">\u00c9v\u00e9nementiels<\/span> Lire la suite\u00a0\u00bb<\/a><\/p>\n","protected":false},"author":2,"featured_media":156,"parent":0,"menu_order":0,"comment_status":"closed","ping_status":"closed","template":"","meta":{"_monsterinsights_skip_tracking":false,"_monsterinsights_sitenote_active":false,"_monsterinsights_sitenote_note":"","_monsterinsights_sitenote_category":0,"site-sidebar-layout":"default","site-content-layout":"default","ast-global-header-display":"","ast-banner-title-visibility":"","ast-main-header-display":"","ast-hfb-above-header-display":"","ast-hfb-below-header-display":"","ast-hfb-mobile-header-display":"","site-post-title":"","ast-breadcrumbs-content":"","ast-featured-img":"","footer-sml-layout":"","theme-transparent-header-meta":"","adv-header-id-meta":"","stick-header-meta":"","header-above-stick-meta":"","header-main-stick-meta":"","header-below-stick-meta":"","ngg_post_thumbnail":0,"footnotes":""},"class_list":["post-739","page","type-page","status-publish","has-post-thumbnail","hentry"],"yoast_head":"<!-- This site is optimized with the Yoast SEO plugin v25.9 - https:\/\/yoast.com\/wordpress\/plugins\/seo\/ -->\n<title>\u00c9v\u00e9nementiels - Compagnie de Th\u00e9\u00e2tre de Rue<\/title>\n<meta name=\"robots\" content=\"index, follow, max-snippet:-1, max-image-preview:large, max-video-preview:-1\" \/>\n<link rel=\"canonical\" href=\"http:\/\/www.puddingtheatre.fr\/?page_id=739\" \/>\n<meta property=\"og:locale\" content=\"fr_FR\" \/>\n<meta property=\"og:type\" content=\"article\" \/>\n<meta property=\"og:title\" content=\"\u00c9v\u00e9nementiels - Compagnie de Th\u00e9\u00e2tre de Rue\" \/>\n<meta property=\"og:description\" content=\"Nous aimons beaucoup r\u00e9pondre \u00e0 ces commandes d\u2019\u00e9criture sp\u00e9cifique pour \u00e9v\u00e9nement particulier, se mettent au service d\u2019une proposition et la teinter \u00e0 la sauce Pudding. La liste des \u00e9v\u00e9nements pass\u00e9s &hellip; \u00c9v\u00e9nementiels Lire la suite\u00a0\u00bb\" \/>\n<meta property=\"og:url\" content=\"http:\/\/www.puddingtheatre.fr\/?page_id=739\" \/>\n<meta property=\"og:site_name\" content=\"Compagnie de Th\u00e9\u00e2tre de Rue\" \/>\n<meta property=\"article:modified_time\" content=\"2019-12-16T08:17:40+00:00\" \/>\n<meta property=\"og:image\" content=\"http:\/\/www.puddingtheatre.fr\/wp-content\/uploads\/2013\/01\/pudding-th-4.jpg\" \/>\n\t<meta property=\"og:image:width\" content=\"800\" \/>\n\t<meta property=\"og:image:height\" content=\"531\" \/>\n\t<meta property=\"og:image:type\" content=\"image\/jpeg\" \/>\n<meta name=\"twitter:label1\" content=\"Dur\u00e9e de lecture estim\u00e9e\" \/>\n\t<meta name=\"twitter:data1\" content=\"1 minute\" \/>\n<script type=\"application\/ld+json\" class=\"yoast-schema-graph\">{\"@context\":\"https:\/\/schema.org\",\"@graph\":[{\"@type\":\"WebPage\",\"@id\":\"http:\/\/www.puddingtheatre.fr\/?page_id=739\",\"url\":\"http:\/\/www.puddingtheatre.fr\/?page_id=739\",\"name\":\"\u00c9v\u00e9nementiels - Compagnie de Th\u00e9\u00e2tre de Rue\",\"isPartOf\":{\"@id\":\"http:\/\/www.puddingtheatre.fr\/#website\"},\"primaryImageOfPage\":{\"@id\":\"http:\/\/www.puddingtheatre.fr\/?page_id=739#primaryimage\"},\"image\":{\"@id\":\"http:\/\/www.puddingtheatre.fr\/?page_id=739#primaryimage\"},\"thumbnailUrl\":\"http:\/\/www.puddingtheatre.fr\/wp-content\/uploads\/2013\/01\/pudding-th-4.jpg\",\"datePublished\":\"2018-10-23T11:49:34+00:00\",\"dateModified\":\"2019-12-16T08:17:40+00:00\",\"inLanguage\":\"fr-FR\",\"potentialAction\":[{\"@type\":\"ReadAction\",\"target\":[\"http:\/\/www.puddingtheatre.fr\/?page_id=739\"]}]},{\"@type\":\"ImageObject\",\"inLanguage\":\"fr-FR\",\"@id\":\"http:\/\/www.puddingtheatre.fr\/?page_id=739#primaryimage\",\"url\":\"http:\/\/www.puddingtheatre.fr\/wp-content\/uploads\/2013\/01\/pudding-th-4.jpg\",\"contentUrl\":\"http:\/\/www.puddingtheatre.fr\/wp-content\/uploads\/2013\/01\/pudding-th-4.jpg\",\"width\":\"800\",\"height\":\"531\"},{\"@type\":\"WebSite\",\"@id\":\"http:\/\/www.puddingtheatre.fr\/#website\",\"url\":\"http:\/\/www.puddingtheatre.fr\/\",\"name\":\"Compagnie de Th\u00e9\u00e2tre de Rue\",\"description\":\"\",\"publisher\":{\"@id\":\"http:\/\/www.puddingtheatre.fr\/#organization\"},\"potentialAction\":[{\"@type\":\"SearchAction\",\"target\":{\"@type\":\"EntryPoint\",\"urlTemplate\":\"http:\/\/www.puddingtheatre.fr\/?s={search_term_string}\"},\"query-input\":{\"@type\":\"PropertyValueSpecification\",\"valueRequired\":true,\"valueName\":\"search_term_string\"}}],\"inLanguage\":\"fr-FR\"},{\"@type\":\"Organization\",\"@id\":\"http:\/\/www.puddingtheatre.fr\/#organization\",\"name\":\"Compagnie de Th\u00e9\u00e2tre de Rue\",\"url\":\"http:\/\/www.puddingtheatre.fr\/\",\"logo\":{\"@type\":\"ImageObject\",\"inLanguage\":\"fr-FR\",\"@id\":\"http:\/\/www.puddingtheatre.fr\/#\/schema\/logo\/image\/\",\"url\":\"http:\/\/www.puddingtheatre.fr\/wp-content\/uploads\/2023\/04\/cropped-LOGO-noir-sur-blanc.png\",\"contentUrl\":\"http:\/\/www.puddingtheatre.fr\/wp-content\/uploads\/2023\/04\/cropped-LOGO-noir-sur-blanc.png\",\"width\":499,\"height\":329,\"caption\":\"Compagnie de Th\u00e9\u00e2tre de Rue\"},\"image\":{\"@id\":\"http:\/\/www.puddingtheatre.fr\/#\/schema\/logo\/image\/\"}}]}<\/script>\n<!-- \/ Yoast SEO plugin. -->","yoast_head_json":{"title":"\u00c9v\u00e9nementiels - Compagnie de Th\u00e9\u00e2tre de Rue","robots":{"index":"index","follow":"follow","max-snippet":"max-snippet:-1","max-image-preview":"max-image-preview:large","max-video-preview":"max-video-preview:-1"},"canonical":"http:\/\/www.puddingtheatre.fr\/?page_id=739","og_locale":"fr_FR","og_type":"article","og_title":"\u00c9v\u00e9nementiels - Compagnie de Th\u00e9\u00e2tre de Rue","og_description":"Nous aimons beaucoup r\u00e9pondre \u00e0 ces commandes d\u2019\u00e9criture sp\u00e9cifique pour \u00e9v\u00e9nement particulier, se mettent au service d\u2019une proposition et la teinter \u00e0 la sauce Pudding. La liste des \u00e9v\u00e9nements pass\u00e9s &hellip; \u00c9v\u00e9nementiels Lire la suite\u00a0\u00bb","og_url":"http:\/\/www.puddingtheatre.fr\/?page_id=739","og_site_name":"Compagnie de Th\u00e9\u00e2tre de Rue","article_modified_time":"2019-12-16T08:17:40+00:00","og_image":[{"width":800,"height":531,"url":"http:\/\/www.puddingtheatre.fr\/wp-content\/uploads\/2013\/01\/pudding-th-4.jpg","type":"image\/jpeg"}],"twitter_misc":{"Dur\u00e9e de lecture estim\u00e9e":"1 minute"},"schema":{"@context":"https:\/\/schema.org","@graph":[{"@type":"WebPage","@id":"http:\/\/www.puddingtheatre.fr\/?page_id=739","url":"http:\/\/www.puddingtheatre.fr\/?page_id=739","name":"\u00c9v\u00e9nementiels - Compagnie de Th\u00e9\u00e2tre de Rue","isPartOf":{"@id":"http:\/\/www.puddingtheatre.fr\/#website"},"primaryImageOfPage":{"@id":"http:\/\/www.puddingtheatre.fr\/?page_id=739#primaryimage"},"image":{"@id":"http:\/\/www.puddingtheatre.fr\/?page_id=739#primaryimage"},"thumbnailUrl":"http:\/\/www.puddingtheatre.fr\/wp-content\/uploads\/2013\/01\/pudding-th-4.jpg","datePublished":"2018-10-23T11:49:34+00:00","dateModified":"2019-12-16T08:17:40+00:00","inLanguage":"fr-FR","potentialAction":[{"@type":"ReadAction","target":["http:\/\/www.puddingtheatre.fr\/?page_id=739"]}]},{"@type":"ImageObject","inLanguage":"fr-FR","@id":"http:\/\/www.puddingtheatre.fr\/?page_id=739#primaryimage","url":"http:\/\/www.puddingtheatre.fr\/wp-content\/uploads\/2013\/01\/pudding-th-4.jpg","contentUrl":"http:\/\/www.puddingtheatre.fr\/wp-content\/uploads\/2013\/01\/pudding-th-4.jpg","width":"800","height":"531"},{"@type":"WebSite","@id":"http:\/\/www.puddingtheatre.fr\/#website","url":"http:\/\/www.puddingtheatre.fr\/","name":"Compagnie de Th\u00e9\u00e2tre de Rue","description":"","publisher":{"@id":"http:\/\/www.puddingtheatre.fr\/#organization"},"potentialAction":[{"@type":"SearchAction","target":{"@type":"EntryPoint","urlTemplate":"http:\/\/www.puddingtheatre.fr\/?s={search_term_string}"},"query-input":{"@type":"PropertyValueSpecification","valueRequired":true,"valueName":"search_term_string"}}],"inLanguage":"fr-FR"},{"@type":"Organization","@id":"http:\/\/www.puddingtheatre.fr\/#organization","name":"Compagnie de Th\u00e9\u00e2tre de Rue","url":"http:\/\/www.puddingtheatre.fr\/","logo":{"@type":"ImageObject","inLanguage":"fr-FR","@id":"http:\/\/www.puddingtheatre.fr\/#\/schema\/logo\/image\/","url":"http:\/\/www.puddingtheatre.fr\/wp-content\/uploads\/2023\/04\/cropped-LOGO-noir-sur-blanc.png","contentUrl":"http:\/\/www.puddingtheatre.fr\/wp-content\/uploads\/2023\/04\/cropped-LOGO-noir-sur-blanc.png","width":499,"height":329,"caption":"Compagnie de Th\u00e9\u00e2tre de Rue"},"image":{"@id":"http:\/\/www.puddingtheatre.fr\/#\/schema\/logo\/image\/"}}]}},"_links":{"self":[{"href":"http:\/\/www.puddingtheatre.fr\/index.php?rest_route=\/wp\/v2\/pages\/739","targetHints":{"allow":["GET"]}}],"collection":[{"href":"http:\/\/www.puddingtheatre.fr\/index.php?rest_route=\/wp\/v2\/pages"}],"about":[{"href":"http:\/\/www.puddingtheatre.fr\/index.php?rest_route=\/wp\/v2\/types\/page"}],"author":[{"embeddable":true,"href":"http:\/\/www.puddingtheatre.fr\/index.php?rest_route=\/wp\/v2\/users\/2"}],"replies":[{"embeddable":true,"href":"http:\/\/www.puddingtheatre.fr\/index.php?rest_route=%2Fwp%2Fv2%2Fcomments&post=739"}],"version-history":[{"count":5,"href":"http:\/\/www.puddingtheatre.fr\/index.php?rest_route=\/wp\/v2\/pages\/739\/revisions"}],"predecessor-version":[{"id":1290,"href":"http:\/\/www.puddingtheatre.fr\/index.php?rest_route=\/wp\/v2\/pages\/739\/revisions\/1290"}],"wp:featuredmedia":[{"embeddable":true,"href":"http:\/\/www.puddingtheatre.fr\/index.php?rest_route=\/wp\/v2\/media\/156"}],"wp:attachment":[{"href":"http:\/\/www.puddingtheatre.fr\/index.php?rest_route=%2Fwp%2Fv2%2Fmedia&parent=739"}],"curies":[{"name":"wp","href":"https:\/\/api.w.org\/{rel}","templated":true}]}}