{"id":731,"date":"2018-10-22T15:41:09","date_gmt":"2018-10-22T14:41:09","guid":{"rendered":"http:\/\/www.puddingtheatre.fr\/?page_id=731"},"modified":"2022-04-11T10:54:19","modified_gmt":"2022-04-11T09:54:19","slug":"cartonnerie","status":"publish","type":"page","link":"http:\/\/www.puddingtheatre.fr\/?page_id=731","title":{"rendered":"La maison du Pudding"},"content":{"rendered":"\t\t<div data-elementor-type=\"wp-post\" data-elementor-id=\"731\" class=\"elementor elementor-731\">\n\t\t\t\t\t\t<section class=\"elementor-section elementor-top-section elementor-element elementor-element-127d9ab6 elementor-section-stretched elementor-section-boxed elementor-section-height-default elementor-section-height-default\" data-id=\"127d9ab6\" data-element_type=\"section\" data-e-type=\"section\" data-settings=\"{&quot;stretch_section&quot;:&quot;section-stretched&quot;}\">\n\t\t\t\t\t\t<div class=\"elementor-container elementor-column-gap-default\">\n\t\t\t\t\t<div class=\"elementor-column elementor-col-100 elementor-top-column elementor-element elementor-element-47a52675\" data-id=\"47a52675\" data-element_type=\"column\" data-e-type=\"column\">\n\t\t\t<div class=\"elementor-widget-wrap elementor-element-populated\">\n\t\t\t\t\t\t<div class=\"elementor-element elementor-element-1a5313a elementor-widget elementor-widget-spacer\" data-id=\"1a5313a\" data-element_type=\"widget\" data-e-type=\"widget\" data-widget_type=\"spacer.default\">\n\t\t\t\t<div class=\"elementor-widget-container\">\n\t\t\t\t\t\t\t<div class=\"elementor-spacer\">\n\t\t\t<div class=\"elementor-spacer-inner\"><\/div>\n\t\t<\/div>\n\t\t\t\t\t\t<\/div>\n\t\t\t\t<\/div>\n\t\t\t\t<section class=\"elementor-section elementor-inner-section elementor-element elementor-element-6be8c2d elementor-section-boxed elementor-section-height-default elementor-section-height-default\" data-id=\"6be8c2d\" data-element_type=\"section\" data-e-type=\"section\">\n\t\t\t\t\t\t<div class=\"elementor-container elementor-column-gap-default\">\n\t\t\t\t\t<div class=\"elementor-column elementor-col-50 elementor-inner-column elementor-element elementor-element-98c025e\" data-id=\"98c025e\" data-element_type=\"column\" data-e-type=\"column\">\n\t\t\t<div class=\"elementor-widget-wrap elementor-element-populated\">\n\t\t\t\t\t\t<div class=\"elementor-element elementor-element-d7dc508 elementor-widget elementor-widget-heading\" data-id=\"d7dc508\" data-element_type=\"widget\" data-e-type=\"widget\" data-widget_type=\"heading.default\">\n\t\t\t\t<div class=\"elementor-widget-container\">\n\t\t\t\t\t<h1 class=\"elementor-heading-title elementor-size-default\">La Cartonnerie<\/h1>\t\t\t\t<\/div>\n\t\t\t\t<\/div>\n\t\t\t\t<div class=\"elementor-element elementor-element-76cbec0 elementor-widget-divider--view-line elementor-widget elementor-widget-divider\" data-id=\"76cbec0\" data-element_type=\"widget\" data-e-type=\"widget\" data-widget_type=\"divider.default\">\n\t\t\t\t<div class=\"elementor-widget-container\">\n\t\t\t\t\t\t\t<div class=\"elementor-divider\">\n\t\t\t<span class=\"elementor-divider-separator\">\n\t\t\t\t\t\t<\/span>\n\t\t<\/div>\n\t\t\t\t\t\t<\/div>\n\t\t\t\t<\/div>\n\t\t\t\t<div class=\"elementor-element elementor-element-7c5b652 elementor-widget elementor-widget-text-editor\" data-id=\"7c5b652\" data-element_type=\"widget\" data-e-type=\"widget\" data-widget_type=\"text-editor.default\">\n\t\t\t\t<div class=\"elementor-widget-container\">\n\t\t\t\t\t\t\t\t\t<p style=\"text-align: left;\">Apr\u00e8s avoir test\u00e9 diff\u00e9rents sites autour de Salins-les-Bains (Jura), la Cie s&rsquo;installe en 2010 aux anciennes cartonneries de Mesnay.<\/p><p style=\"text-align: left;\"><strong>Mesnay ? C\u2019est o\u00f9 \u00e7a ?\u00a0<\/strong><\/p><p><span style=\"font-weight: 400;\">Allez jusqu\u2019\u00e0 Arbois, apr\u00e8s un arr\u00eat d\u00e9gustation vinicole, sortez de la ville en direction de la piscine. Passez le \u00a0village de Mesnay et l\u00e0, oui, sur votre droite, ces b\u00e2timents debout depuis au moins 2 si\u00e9cles, c\u2019est l\u00e0 !<\/span><\/p><p><span style=\"font-weight: 400;\">Le bureau du Pudding, juste \u00e0 l\u2019entr\u00e9e, est comme la conciergerie du site, <strong>entrez boire un caf\u00e9.<\/strong><\/span><\/p><p><span style=\"font-weight: 400;\">Ensuite, c\u2019est comme vous le sentez, vous pouvez partir vous balader jusqu\u2019aux sources, pour un pique nique champ\u00eatre, voire une petite baignade. Et au retour, passer d\u2019ateliers en ateliers, puisqu\u2019on n&rsquo;est pas tous seuls ! Artistes, artisans, cr\u00e9ateurs\u2026 le site est un vivier d\u2019inventivit\u00e9 et de savoirs faire\u2026 <strong>Vous y \u00eates les bienvenus !<\/strong><\/span><\/p>\t\t\t\t\t\t\t\t<\/div>\n\t\t\t\t<\/div>\n\t\t\t\t\t<\/div>\n\t\t<\/div>\n\t\t\t\t<div class=\"elementor-column elementor-col-50 elementor-inner-column elementor-element elementor-element-c4d7c26\" data-id=\"c4d7c26\" data-element_type=\"column\" data-e-type=\"column\">\n\t\t\t<div class=\"elementor-widget-wrap elementor-element-populated\">\n\t\t\t\t\t\t<div class=\"elementor-element elementor-element-44f1baa elementor-widget elementor-widget-spacer\" data-id=\"44f1baa\" data-element_type=\"widget\" data-e-type=\"widget\" data-widget_type=\"spacer.default\">\n\t\t\t\t<div class=\"elementor-widget-container\">\n\t\t\t\t\t\t\t<div class=\"elementor-spacer\">\n\t\t\t<div class=\"elementor-spacer-inner\"><\/div>\n\t\t<\/div>\n\t\t\t\t\t\t<\/div>\n\t\t\t\t<\/div>\n\t\t\t\t<div class=\"elementor-element elementor-element-2d79c69 elementor-widget elementor-widget-image\" data-id=\"2d79c69\" data-element_type=\"widget\" data-e-type=\"widget\" data-widget_type=\"image.default\">\n\t\t\t\t<div class=\"elementor-widget-container\">\n\t\t\t\t\t\t\t\t\t\t\t\t\t\t\t<img decoding=\"async\" src=\"http:\/\/www.puddingtheatre.fr\/wp-content\/uploads\/elementor\/thumbs\/20190525_154544-o8roy9sv9x29nkzjqm72u7dv95lwlvyuhanhs92sgo.jpg\" title=\"20190525_154544\" alt=\"20190525_154544\" loading=\"lazy\" \/>\t\t\t\t\t\t\t\t\t\t\t\t\t\t\t<\/div>\n\t\t\t\t<\/div>\n\t\t\t\t<div class=\"elementor-element elementor-element-4e0b129 elementor-widget elementor-widget-spacer\" data-id=\"4e0b129\" data-element_type=\"widget\" data-e-type=\"widget\" data-widget_type=\"spacer.default\">\n\t\t\t\t<div class=\"elementor-widget-container\">\n\t\t\t\t\t\t\t<div class=\"elementor-spacer\">\n\t\t\t<div class=\"elementor-spacer-inner\"><\/div>\n\t\t<\/div>\n\t\t\t\t\t\t<\/div>\n\t\t\t\t<\/div>\n\t\t\t\t<div class=\"elementor-element elementor-element-6e31b5c elementor-widget elementor-widget-image\" data-id=\"6e31b5c\" data-element_type=\"widget\" data-e-type=\"widget\" data-widget_type=\"image.default\">\n\t\t\t\t<div class=\"elementor-widget-container\">\n\t\t\t\t\t\t\t\t\t\t\t\t\t\t\t<img fetchpriority=\"high\" decoding=\"async\" width=\"1024\" height=\"768\" src=\"http:\/\/www.puddingtheatre.fr\/wp-content\/uploads\/2019\/06\/20190525_095053-1024x768.jpg\" class=\"attachment-large size-large wp-image-1016\" alt=\"\" srcset=\"http:\/\/www.puddingtheatre.fr\/wp-content\/uploads\/2019\/06\/20190525_095053-1024x768.jpg 1024w, http:\/\/www.puddingtheatre.fr\/wp-content\/uploads\/2019\/06\/20190525_095053-300x225.jpg 300w, http:\/\/www.puddingtheatre.fr\/wp-content\/uploads\/2019\/06\/20190525_095053-768x576.jpg 768w, http:\/\/www.puddingtheatre.fr\/wp-content\/uploads\/2019\/06\/20190525_095053-830x623.jpg 830w, http:\/\/www.puddingtheatre.fr\/wp-content\/uploads\/2019\/06\/20190525_095053-230x173.jpg 230w, http:\/\/www.puddingtheatre.fr\/wp-content\/uploads\/2019\/06\/20190525_095053-350x263.jpg 350w, http:\/\/www.puddingtheatre.fr\/wp-content\/uploads\/2019\/06\/20190525_095053-480x360.jpg 480w\" sizes=\"(max-width: 1024px) 100vw, 1024px\" \/>\t\t\t\t\t\t\t\t\t\t\t\t\t\t\t<\/div>\n\t\t\t\t<\/div>\n\t\t\t\t\t<\/div>\n\t\t<\/div>\n\t\t\t\t\t<\/div>\n\t\t<\/section>\n\t\t\t\t<div class=\"elementor-element elementor-element-7704170 elementor-widget elementor-widget-spacer\" data-id=\"7704170\" data-element_type=\"widget\" data-e-type=\"widget\" data-widget_type=\"spacer.default\">\n\t\t\t\t<div class=\"elementor-widget-container\">\n\t\t\t\t\t\t\t<div class=\"elementor-spacer\">\n\t\t\t<div class=\"elementor-spacer-inner\"><\/div>\n\t\t<\/div>\n\t\t\t\t\t\t<\/div>\n\t\t\t\t<\/div>\n\t\t\t\t\t<\/div>\n\t\t<\/div>\n\t\t\t\t\t<\/div>\n\t\t<\/section>\n\t\t\t\t<\/div>\n\t\t","protected":false},"excerpt":{"rendered":"<p>La Cartonnerie Apr\u00e8s avoir test\u00e9 diff\u00e9rents sites autour de Salins-les-Bains (Jura), la Cie s&rsquo;installe en 2010 aux anciennes cartonneries de Mesnay. Mesnay ? C\u2019est o\u00f9 \u00e7a ?\u00a0 Allez jusqu\u2019\u00e0 Arbois, &hellip;<\/p>\n<p class=\"read-more\"> <a class=\"\" href=\"http:\/\/www.puddingtheatre.fr\/?page_id=731\"> <span class=\"screen-reader-text\">La maison du Pudding<\/span> Lire la suite\u00a0\u00bb<\/a><\/p>\n","protected":false},"author":2,"featured_media":1180,"parent":0,"menu_order":0,"comment_status":"closed","ping_status":"closed","template":"elementor_header_footer","meta":{"_monsterinsights_skip_tracking":false,"_monsterinsights_sitenote_active":false,"_monsterinsights_sitenote_note":"","_monsterinsights_sitenote_category":0,"site-sidebar-layout":"default","site-content-layout":"default","ast-global-header-display":"","ast-banner-title-visibility":"","ast-main-header-display":"","ast-hfb-above-header-display":"","ast-hfb-below-header-display":"","ast-hfb-mobile-header-display":"","site-post-title":"","ast-breadcrumbs-content":"","ast-featured-img":"","footer-sml-layout":"","theme-transparent-header-meta":"","adv-header-id-meta":"","stick-header-meta":"","header-above-stick-meta":"","header-main-stick-meta":"","header-below-stick-meta":"","ngg_post_thumbnail":0,"footnotes":""},"class_list":["post-731","page","type-page","status-publish","has-post-thumbnail","hentry"],"yoast_head":"<!-- This site is optimized with the Yoast SEO plugin v25.9 - https:\/\/yoast.com\/wordpress\/plugins\/seo\/ -->\n<title>La maison du Pudding - Compagnie de Th\u00e9\u00e2tre de Rue<\/title>\n<meta name=\"robots\" content=\"index, follow, max-snippet:-1, max-image-preview:large, max-video-preview:-1\" \/>\n<link rel=\"canonical\" href=\"http:\/\/www.puddingtheatre.fr\/?page_id=731\" \/>\n<meta property=\"og:locale\" content=\"fr_FR\" \/>\n<meta property=\"og:type\" content=\"article\" \/>\n<meta property=\"og:title\" content=\"La maison du Pudding - Compagnie de Th\u00e9\u00e2tre de Rue\" \/>\n<meta property=\"og:description\" content=\"La Cartonnerie Apr\u00e8s avoir test\u00e9 diff\u00e9rents sites autour de Salins-les-Bains (Jura), la Cie s&rsquo;installe en 2010 aux anciennes cartonneries de Mesnay. Mesnay ? C\u2019est o\u00f9 \u00e7a ?\u00a0 Allez jusqu\u2019\u00e0 Arbois, &hellip; La maison du Pudding Lire la suite\u00a0\u00bb\" \/>\n<meta property=\"og:url\" content=\"http:\/\/www.puddingtheatre.fr\/?page_id=731\" \/>\n<meta property=\"og:site_name\" content=\"Compagnie de Th\u00e9\u00e2tre de Rue\" \/>\n<meta property=\"article:modified_time\" content=\"2022-04-11T09:54:19+00:00\" \/>\n<meta property=\"og:image\" content=\"http:\/\/www.puddingtheatre.fr\/wp-content\/uploads\/2019\/09\/20190525_095053-1024x768.jpg\" \/>\n\t<meta property=\"og:image:width\" content=\"1024\" \/>\n\t<meta property=\"og:image:height\" content=\"768\" \/>\n\t<meta property=\"og:image:type\" content=\"image\/jpeg\" \/>\n<meta name=\"twitter:label1\" content=\"Dur\u00e9e de lecture estim\u00e9e\" \/>\n\t<meta name=\"twitter:data1\" content=\"1 minute\" \/>\n<script type=\"application\/ld+json\" class=\"yoast-schema-graph\">{\"@context\":\"https:\/\/schema.org\",\"@graph\":[{\"@type\":\"WebPage\",\"@id\":\"http:\/\/www.puddingtheatre.fr\/?page_id=731\",\"url\":\"http:\/\/www.puddingtheatre.fr\/?page_id=731\",\"name\":\"La maison du Pudding - Compagnie de Th\u00e9\u00e2tre de Rue\",\"isPartOf\":{\"@id\":\"http:\/\/www.puddingtheatre.fr\/#website\"},\"primaryImageOfPage\":{\"@id\":\"http:\/\/www.puddingtheatre.fr\/?page_id=731#primaryimage\"},\"image\":{\"@id\":\"http:\/\/www.puddingtheatre.fr\/?page_id=731#primaryimage\"},\"thumbnailUrl\":\"http:\/\/www.puddingtheatre.fr\/wp-content\/uploads\/2019\/09\/20190525_095053.jpg\",\"datePublished\":\"2018-10-22T14:41:09+00:00\",\"dateModified\":\"2022-04-11T09:54:19+00:00\",\"inLanguage\":\"fr-FR\",\"potentialAction\":[{\"@type\":\"ReadAction\",\"target\":[\"http:\/\/www.puddingtheatre.fr\/?page_id=731\"]}]},{\"@type\":\"ImageObject\",\"inLanguage\":\"fr-FR\",\"@id\":\"http:\/\/www.puddingtheatre.fr\/?page_id=731#primaryimage\",\"url\":\"http:\/\/www.puddingtheatre.fr\/wp-content\/uploads\/2019\/09\/20190525_095053.jpg\",\"contentUrl\":\"http:\/\/www.puddingtheatre.fr\/wp-content\/uploads\/2019\/09\/20190525_095053.jpg\",\"width\":4128,\"height\":3096},{\"@type\":\"WebSite\",\"@id\":\"http:\/\/www.puddingtheatre.fr\/#website\",\"url\":\"http:\/\/www.puddingtheatre.fr\/\",\"name\":\"Compagnie de Th\u00e9\u00e2tre de Rue\",\"description\":\"\",\"publisher\":{\"@id\":\"http:\/\/www.puddingtheatre.fr\/#organization\"},\"potentialAction\":[{\"@type\":\"SearchAction\",\"target\":{\"@type\":\"EntryPoint\",\"urlTemplate\":\"http:\/\/www.puddingtheatre.fr\/?s={search_term_string}\"},\"query-input\":{\"@type\":\"PropertyValueSpecification\",\"valueRequired\":true,\"valueName\":\"search_term_string\"}}],\"inLanguage\":\"fr-FR\"},{\"@type\":\"Organization\",\"@id\":\"http:\/\/www.puddingtheatre.fr\/#organization\",\"name\":\"Compagnie de Th\u00e9\u00e2tre de Rue\",\"url\":\"http:\/\/www.puddingtheatre.fr\/\",\"logo\":{\"@type\":\"ImageObject\",\"inLanguage\":\"fr-FR\",\"@id\":\"http:\/\/www.puddingtheatre.fr\/#\/schema\/logo\/image\/\",\"url\":\"http:\/\/www.puddingtheatre.fr\/wp-content\/uploads\/2023\/04\/cropped-LOGO-noir-sur-blanc.png\",\"contentUrl\":\"http:\/\/www.puddingtheatre.fr\/wp-content\/uploads\/2023\/04\/cropped-LOGO-noir-sur-blanc.png\",\"width\":499,\"height\":329,\"caption\":\"Compagnie de Th\u00e9\u00e2tre de Rue\"},\"image\":{\"@id\":\"http:\/\/www.puddingtheatre.fr\/#\/schema\/logo\/image\/\"}}]}<\/script>\n<!-- \/ Yoast SEO plugin. -->","yoast_head_json":{"title":"La maison du Pudding - Compagnie de Th\u00e9\u00e2tre de Rue","robots":{"index":"index","follow":"follow","max-snippet":"max-snippet:-1","max-image-preview":"max-image-preview:large","max-video-preview":"max-video-preview:-1"},"canonical":"http:\/\/www.puddingtheatre.fr\/?page_id=731","og_locale":"fr_FR","og_type":"article","og_title":"La maison du Pudding - Compagnie de Th\u00e9\u00e2tre de Rue","og_description":"La Cartonnerie Apr\u00e8s avoir test\u00e9 diff\u00e9rents sites autour de Salins-les-Bains (Jura), la Cie s&rsquo;installe en 2010 aux anciennes cartonneries de Mesnay. Mesnay ? C\u2019est o\u00f9 \u00e7a ?\u00a0 Allez jusqu\u2019\u00e0 Arbois, &hellip; La maison du Pudding Lire la suite\u00a0\u00bb","og_url":"http:\/\/www.puddingtheatre.fr\/?page_id=731","og_site_name":"Compagnie de Th\u00e9\u00e2tre de Rue","article_modified_time":"2022-04-11T09:54:19+00:00","og_image":[{"width":1024,"height":768,"url":"http:\/\/www.puddingtheatre.fr\/wp-content\/uploads\/2019\/09\/20190525_095053-1024x768.jpg","type":"image\/jpeg"}],"twitter_misc":{"Dur\u00e9e de lecture estim\u00e9e":"1 minute"},"schema":{"@context":"https:\/\/schema.org","@graph":[{"@type":"WebPage","@id":"http:\/\/www.puddingtheatre.fr\/?page_id=731","url":"http:\/\/www.puddingtheatre.fr\/?page_id=731","name":"La maison du Pudding - Compagnie de Th\u00e9\u00e2tre de Rue","isPartOf":{"@id":"http:\/\/www.puddingtheatre.fr\/#website"},"primaryImageOfPage":{"@id":"http:\/\/www.puddingtheatre.fr\/?page_id=731#primaryimage"},"image":{"@id":"http:\/\/www.puddingtheatre.fr\/?page_id=731#primaryimage"},"thumbnailUrl":"http:\/\/www.puddingtheatre.fr\/wp-content\/uploads\/2019\/09\/20190525_095053.jpg","datePublished":"2018-10-22T14:41:09+00:00","dateModified":"2022-04-11T09:54:19+00:00","inLanguage":"fr-FR","potentialAction":[{"@type":"ReadAction","target":["http:\/\/www.puddingtheatre.fr\/?page_id=731"]}]},{"@type":"ImageObject","inLanguage":"fr-FR","@id":"http:\/\/www.puddingtheatre.fr\/?page_id=731#primaryimage","url":"http:\/\/www.puddingtheatre.fr\/wp-content\/uploads\/2019\/09\/20190525_095053.jpg","contentUrl":"http:\/\/www.puddingtheatre.fr\/wp-content\/uploads\/2019\/09\/20190525_095053.jpg","width":4128,"height":3096},{"@type":"WebSite","@id":"http:\/\/www.puddingtheatre.fr\/#website","url":"http:\/\/www.puddingtheatre.fr\/","name":"Compagnie de Th\u00e9\u00e2tre de Rue","description":"","publisher":{"@id":"http:\/\/www.puddingtheatre.fr\/#organization"},"potentialAction":[{"@type":"SearchAction","target":{"@type":"EntryPoint","urlTemplate":"http:\/\/www.puddingtheatre.fr\/?s={search_term_string}"},"query-input":{"@type":"PropertyValueSpecification","valueRequired":true,"valueName":"search_term_string"}}],"inLanguage":"fr-FR"},{"@type":"Organization","@id":"http:\/\/www.puddingtheatre.fr\/#organization","name":"Compagnie de Th\u00e9\u00e2tre de Rue","url":"http:\/\/www.puddingtheatre.fr\/","logo":{"@type":"ImageObject","inLanguage":"fr-FR","@id":"http:\/\/www.puddingtheatre.fr\/#\/schema\/logo\/image\/","url":"http:\/\/www.puddingtheatre.fr\/wp-content\/uploads\/2023\/04\/cropped-LOGO-noir-sur-blanc.png","contentUrl":"http:\/\/www.puddingtheatre.fr\/wp-content\/uploads\/2023\/04\/cropped-LOGO-noir-sur-blanc.png","width":499,"height":329,"caption":"Compagnie de Th\u00e9\u00e2tre de Rue"},"image":{"@id":"http:\/\/www.puddingtheatre.fr\/#\/schema\/logo\/image\/"}}]}},"_links":{"self":[{"href":"http:\/\/www.puddingtheatre.fr\/index.php?rest_route=\/wp\/v2\/pages\/731","targetHints":{"allow":["GET"]}}],"collection":[{"href":"http:\/\/www.puddingtheatre.fr\/index.php?rest_route=\/wp\/v2\/pages"}],"about":[{"href":"http:\/\/www.puddingtheatre.fr\/index.php?rest_route=\/wp\/v2\/types\/page"}],"author":[{"embeddable":true,"href":"http:\/\/www.puddingtheatre.fr\/index.php?rest_route=\/wp\/v2\/users\/2"}],"replies":[{"embeddable":true,"href":"http:\/\/www.puddingtheatre.fr\/index.php?rest_route=%2Fwp%2Fv2%2Fcomments&post=731"}],"version-history":[{"count":40,"href":"http:\/\/www.puddingtheatre.fr\/index.php?rest_route=\/wp\/v2\/pages\/731\/revisions"}],"predecessor-version":[{"id":2041,"href":"http:\/\/www.puddingtheatre.fr\/index.php?rest_route=\/wp\/v2\/pages\/731\/revisions\/2041"}],"wp:featuredmedia":[{"embeddable":true,"href":"http:\/\/www.puddingtheatre.fr\/index.php?rest_route=\/wp\/v2\/media\/1180"}],"wp:attachment":[{"href":"http:\/\/www.puddingtheatre.fr\/index.php?rest_route=%2Fwp%2Fv2%2Fmedia&parent=731"}],"curies":[{"name":"wp","href":"https:\/\/api.w.org\/{rel}","templated":true}]}}