{"id":609,"date":"2015-06-01T16:47:48","date_gmt":"2015-06-01T15:47:48","guid":{"rendered":"http:\/\/www.puddingtheatre.fr\/?page_id=609"},"modified":"2022-04-12T11:58:00","modified_gmt":"2022-04-12T10:58:00","slug":"609-2","status":"publish","type":"page","link":"http:\/\/www.puddingtheatre.fr\/?page_id=609","title":{"rendered":"L&rsquo;\u00c9POUVANTE"},"content":{"rendered":"\t\t<div data-elementor-type=\"wp-page\" data-elementor-id=\"609\" class=\"elementor elementor-609\">\n\t\t\t\t\t\t<section class=\"elementor-section elementor-top-section elementor-element elementor-element-79bb6eb elementor-section-stretched elementor-section-boxed elementor-section-height-default elementor-section-height-default\" data-id=\"79bb6eb\" data-element_type=\"section\" data-e-type=\"section\" data-settings=\"{&quot;stretch_section&quot;:&quot;section-stretched&quot;}\">\n\t\t\t\t\t\t<div class=\"elementor-container elementor-column-gap-default\">\n\t\t\t\t\t<div class=\"elementor-column elementor-col-100 elementor-top-column elementor-element elementor-element-3ff5b72\" data-id=\"3ff5b72\" data-element_type=\"column\" data-e-type=\"column\">\n\t\t\t<div class=\"elementor-widget-wrap elementor-element-populated\">\n\t\t\t\t\t\t<div class=\"elementor-element elementor-element-8708a04 elementor-widget elementor-widget-spacer\" data-id=\"8708a04\" data-element_type=\"widget\" data-e-type=\"widget\" data-widget_type=\"spacer.default\">\n\t\t\t\t<div class=\"elementor-widget-container\">\n\t\t\t\t\t\t\t<div class=\"elementor-spacer\">\n\t\t\t<div class=\"elementor-spacer-inner\"><\/div>\n\t\t<\/div>\n\t\t\t\t\t\t<\/div>\n\t\t\t\t<\/div>\n\t\t\t\t<div class=\"elementor-element elementor-element-7b70b36 elementor-widget elementor-widget-heading\" data-id=\"7b70b36\" data-element_type=\"widget\" data-e-type=\"widget\" data-widget_type=\"heading.default\">\n\t\t\t\t<div class=\"elementor-widget-container\">\n\t\t\t\t\t<h1 class=\"elementor-heading-title elementor-size-default\">L'\u00e9pouvante<\/h1>\t\t\t\t<\/div>\n\t\t\t\t<\/div>\n\t\t\t\t<div class=\"elementor-element elementor-element-68eb98b elementor-widget elementor-widget-heading\" data-id=\"68eb98b\" data-element_type=\"widget\" data-e-type=\"widget\" data-widget_type=\"heading.default\">\n\t\t\t\t<div class=\"elementor-widget-container\">\n\t\t\t\t\t<h3 class=\"elementor-heading-title elementor-size-default\">Entresort tr\u00e8s inspir\u00e9 du th\u00e9\u00e2tre du Grand Guignol, genre th\u00e9\u00e2tral fran\u00e7ais du d\u00e9but des ann\u00e9es 1900.<\/h3>\t\t\t\t<\/div>\n\t\t\t\t<\/div>\n\t\t\t\t\t<\/div>\n\t\t<\/div>\n\t\t\t\t\t<\/div>\n\t\t<\/section>\n\t\t\t\t<section class=\"elementor-section elementor-top-section elementor-element elementor-element-425d7f4 elementor-section-stretched elementor-section-boxed elementor-section-height-default elementor-section-height-default\" data-id=\"425d7f4\" data-element_type=\"section\" data-e-type=\"section\" data-settings=\"{&quot;stretch_section&quot;:&quot;section-stretched&quot;}\">\n\t\t\t\t\t\t<div class=\"elementor-container elementor-column-gap-default\">\n\t\t\t\t\t<div class=\"elementor-column elementor-col-100 elementor-top-column elementor-element elementor-element-232a918f\" data-id=\"232a918f\" data-element_type=\"column\" data-e-type=\"column\">\n\t\t\t<div class=\"elementor-widget-wrap elementor-element-populated\">\n\t\t\t\t\t\t<div class=\"elementor-element elementor-element-4f89b08c elementor-widget elementor-widget-text-editor\" data-id=\"4f89b08c\" data-element_type=\"widget\" data-e-type=\"widget\" data-widget_type=\"text-editor.default\">\n\t\t\t\t<div class=\"elementor-widget-container\">\n\t\t\t\t\t\t\t\t\t<p><span style=\"font-style: inherit; color: var(--ast-global-color-3);\">Th\u00e9\u00e2tre de rue, diurne ou nocture.<\/span><\/p><p><span style=\"font-style: inherit; color: var(--ast-global-color-3);\"><b>Ce que nous avons cherch\u00e9<\/b><\/span><span style=\"font-style: inherit; font-weight: inherit; color: var(--ast-global-color-3);\"> : <\/span><strong style=\"font-style: inherit; color: var(--ast-global-color-3);\">Qu\u2019est-ce que la peur\u00a0<\/strong><strong style=\"font-style: inherit; color: var(--ast-global-color-3);\">? Celle d\u2019hier et celle d\u2019aujourd\u2019hui ?<\/strong><\/p>\t\t\t\t\t\t\t\t<\/div>\n\t\t\t\t<\/div>\n\t\t\t\t<div class=\"elementor-element elementor-element-0a399bf elementor-widget elementor-widget-spacer\" data-id=\"0a399bf\" data-element_type=\"widget\" data-e-type=\"widget\" data-widget_type=\"spacer.default\">\n\t\t\t\t<div class=\"elementor-widget-container\">\n\t\t\t\t\t\t\t<div class=\"elementor-spacer\">\n\t\t\t<div class=\"elementor-spacer-inner\"><\/div>\n\t\t<\/div>\n\t\t\t\t\t\t<\/div>\n\t\t\t\t<\/div>\n\t\t\t\t<section class=\"elementor-section elementor-inner-section elementor-element elementor-element-81f3bbf elementor-section-boxed elementor-section-height-default elementor-section-height-default\" data-id=\"81f3bbf\" data-element_type=\"section\" data-e-type=\"section\">\n\t\t\t\t\t\t<div class=\"elementor-container elementor-column-gap-default\">\n\t\t\t\t\t<div class=\"elementor-column elementor-col-50 elementor-inner-column elementor-element elementor-element-c883fe0\" data-id=\"c883fe0\" data-element_type=\"column\" data-e-type=\"column\">\n\t\t\t<div class=\"elementor-widget-wrap elementor-element-populated\">\n\t\t\t\t\t\t<div class=\"elementor-element elementor-element-38766d5 elementor-arrows-position-inside elementor-pagination-position-outside elementor-widget elementor-widget-image-carousel\" data-id=\"38766d5\" data-element_type=\"widget\" data-e-type=\"widget\" data-settings=\"{&quot;slides_to_show&quot;:&quot;1&quot;,&quot;navigation&quot;:&quot;both&quot;,&quot;autoplay&quot;:&quot;yes&quot;,&quot;pause_on_hover&quot;:&quot;yes&quot;,&quot;pause_on_interaction&quot;:&quot;yes&quot;,&quot;autoplay_speed&quot;:5000,&quot;infinite&quot;:&quot;yes&quot;,&quot;effect&quot;:&quot;slide&quot;,&quot;speed&quot;:500}\" data-widget_type=\"image-carousel.default\">\n\t\t\t\t<div class=\"elementor-widget-container\">\n\t\t\t\t\t\t\t<div class=\"elementor-image-carousel-wrapper swiper\" role=\"region\" aria-roledescription=\"carousel\" aria-label=\"Carrousel d\u2019images\" dir=\"ltr\">\n\t\t\t<div class=\"elementor-image-carousel swiper-wrapper\" aria-live=\"off\">\n\t\t\t\t\t\t\t\t<div class=\"swiper-slide\" role=\"group\" aria-roledescription=\"slide\" aria-label=\"1 sur 5\"><figure class=\"swiper-slide-inner\"><img decoding=\"async\" class=\"swiper-slide-image\" src=\"http:\/\/www.puddingtheatre.fr\/wp-content\/uploads\/2019\/05\/IMG_2707_Sileks-1024x683.jpg\" alt=\"\u00a9 Sileks\" \/><\/figure><\/div><div class=\"swiper-slide\" role=\"group\" aria-roledescription=\"slide\" aria-label=\"2 sur 5\"><figure class=\"swiper-slide-inner\"><img decoding=\"async\" class=\"swiper-slide-image\" src=\"http:\/\/www.puddingtheatre.fr\/wp-content\/uploads\/2022\/03\/Laurent-Nembrini-compressed-1024x683.jpg\" alt=\"Laurent Nembrini-compressed\" \/><\/figure><\/div><div class=\"swiper-slide\" role=\"group\" aria-roledescription=\"slide\" aria-label=\"3 sur 5\"><figure class=\"swiper-slide-inner\"><img decoding=\"async\" class=\"swiper-slide-image\" src=\"http:\/\/www.puddingtheatre.fr\/wp-content\/uploads\/2022\/03\/Oeil-de-Dom-1024x683.jpg\" alt=\"\u00a9 Oeil de Dom\" \/><\/figure><\/div><div class=\"swiper-slide\" role=\"group\" aria-roledescription=\"slide\" aria-label=\"4 sur 5\"><figure class=\"swiper-slide-inner\"><img decoding=\"async\" class=\"swiper-slide-image\" src=\"http:\/\/www.puddingtheatre.fr\/wp-content\/uploads\/2022\/03\/Oeil-de-Dom-2-1024x683.jpg\" alt=\"\u00a9 Oeil de Dom\" \/><\/figure><\/div><div class=\"swiper-slide\" role=\"group\" aria-roledescription=\"slide\" aria-label=\"5 sur 5\"><figure class=\"swiper-slide-inner\"><img decoding=\"async\" class=\"swiper-slide-image\" src=\"http:\/\/www.puddingtheatre.fr\/wp-content\/uploads\/2022\/03\/Laurent-Nembrini-2-min-1024x682.jpg\" alt=\"Laurent Nembrini (2)-min\" \/><\/figure><\/div>\t\t\t<\/div>\n\t\t\t\t\t\t\t\t\t\t\t\t<div class=\"elementor-swiper-button elementor-swiper-button-prev\" role=\"button\" tabindex=\"0\">\n\t\t\t\t\t\t<i aria-hidden=\"true\" class=\"eicon-chevron-left\"><\/i>\t\t\t\t\t<\/div>\n\t\t\t\t\t<div class=\"elementor-swiper-button elementor-swiper-button-next\" role=\"button\" tabindex=\"0\">\n\t\t\t\t\t\t<i aria-hidden=\"true\" class=\"eicon-chevron-right\"><\/i>\t\t\t\t\t<\/div>\n\t\t\t\t\n\t\t\t\t\t\t\t\t\t<div class=\"swiper-pagination\"><\/div>\n\t\t\t\t\t\t\t\t\t<\/div>\n\t\t\t\t\t\t<\/div>\n\t\t\t\t<\/div>\n\t\t\t\t\t<\/div>\n\t\t<\/div>\n\t\t\t\t<div class=\"elementor-column elementor-col-50 elementor-inner-column elementor-element elementor-element-49c5aa7\" data-id=\"49c5aa7\" data-element_type=\"column\" data-e-type=\"column\">\n\t\t\t<div class=\"elementor-widget-wrap elementor-element-populated\">\n\t\t\t\t\t\t<div class=\"elementor-element elementor-element-6122bda elementor-widget elementor-widget-heading\" data-id=\"6122bda\" data-element_type=\"widget\" data-e-type=\"widget\" data-widget_type=\"heading.default\">\n\t\t\t\t<div class=\"elementor-widget-container\">\n\t\t\t\t\t<h2 class=\"elementor-heading-title elementor-size-default\">Synopsis<\/h2>\t\t\t\t<\/div>\n\t\t\t\t<\/div>\n\t\t\t\t<div class=\"elementor-element elementor-element-3d644cb elementor-widget-divider--view-line elementor-widget elementor-widget-divider\" data-id=\"3d644cb\" data-element_type=\"widget\" data-e-type=\"widget\" data-widget_type=\"divider.default\">\n\t\t\t\t<div class=\"elementor-widget-container\">\n\t\t\t\t\t\t\t<div class=\"elementor-divider\">\n\t\t\t<span class=\"elementor-divider-separator\">\n\t\t\t\t\t\t<\/span>\n\t\t<\/div>\n\t\t\t\t\t\t<\/div>\n\t\t\t\t<\/div>\n\t\t\t\t<div class=\"elementor-element elementor-element-7671d68 elementor-widget elementor-widget-text-editor\" data-id=\"7671d68\" data-element_type=\"widget\" data-e-type=\"widget\" data-widget_type=\"text-editor.default\">\n\t\t\t\t<div class=\"elementor-widget-container\">\n\t\t\t\t\t\t\t\t\t<p><span style=\"font-weight: 400;\">Maxa, com\u00e9dienne embl\u00e9matique du <strong>th\u00e9\u00e2tre du Grand Guignol<\/strong> va revivre pour vous les morts les plus atroces qu\u2019elle a subies&#8230; mais un si\u00e8cle a pass\u00e9&#8230; ce qui faisait s\u2019\u00e9vanouir de frayeur les spectateurs du temps jadis, nous fait rire aujourd\u2019hui !<\/span><\/p><p><span style=\"font-weight: 400;\">Exercice de style \u00e0 la sauce Pudding, effets sanglants, dramaturgie et jeu millim\u00e9tr\u00e9s, bruitages \u00e0 vue et r\u00e9flexions tr\u00e8s investies sur nos peurs contemporaines. <strong>Et vous ? Qu\u2019est-ce qui vous glace d\u2019effroi ?<\/strong><\/span><\/p><p><span style=\"font-weight: 400;\">Le Pudding signe pour la premi\u00e8re fois un spectacle qui n\u2019est pas tout public, qui n\u2019investit pas l\u2019urbain, mais qui poursuit son travail de r\u00e9flexion en termes de manipulation du public et d\u2019interrogation citoyenne.<\/span><\/p>\t\t\t\t\t\t\t\t<\/div>\n\t\t\t\t<\/div>\n\t\t\t\t\t<\/div>\n\t\t<\/div>\n\t\t\t\t\t<\/div>\n\t\t<\/section>\n\t\t\t\t\t<\/div>\n\t\t<\/div>\n\t\t\t\t\t<\/div>\n\t\t<\/section>\n\t\t\t\t<section class=\"elementor-section elementor-top-section elementor-element elementor-element-91ee1c8 elementor-section-stretched elementor-section-boxed elementor-section-height-default elementor-section-height-default\" data-id=\"91ee1c8\" data-element_type=\"section\" data-e-type=\"section\" data-settings=\"{&quot;stretch_section&quot;:&quot;section-stretched&quot;}\">\n\t\t\t\t\t\t<div class=\"elementor-container elementor-column-gap-default\">\n\t\t\t\t\t<div class=\"elementor-column elementor-col-100 elementor-top-column elementor-element elementor-element-34e86b9\" data-id=\"34e86b9\" data-element_type=\"column\" data-e-type=\"column\">\n\t\t\t<div class=\"elementor-widget-wrap elementor-element-populated\">\n\t\t\t\t\t\t<div class=\"elementor-element elementor-element-af2a19f elementor-widget elementor-widget-spacer\" data-id=\"af2a19f\" data-element_type=\"widget\" data-e-type=\"widget\" data-widget_type=\"spacer.default\">\n\t\t\t\t<div class=\"elementor-widget-container\">\n\t\t\t\t\t\t\t<div class=\"elementor-spacer\">\n\t\t\t<div class=\"elementor-spacer-inner\"><\/div>\n\t\t<\/div>\n\t\t\t\t\t\t<\/div>\n\t\t\t\t<\/div>\n\t\t\t\t<div class=\"elementor-element elementor-element-d83b5f6 elementor-align-center e-transform elementor-widget elementor-widget-button\" data-id=\"d83b5f6\" data-element_type=\"widget\" data-e-type=\"widget\" data-settings=\"{&quot;_transform_scale_effect_hover&quot;:{&quot;unit&quot;:&quot;px&quot;,&quot;size&quot;:1.2,&quot;sizes&quot;:[]},&quot;_transform_scale_effect_hover_tablet&quot;:{&quot;unit&quot;:&quot;px&quot;,&quot;size&quot;:&quot;&quot;,&quot;sizes&quot;:[]},&quot;_transform_scale_effect_hover_mobile&quot;:{&quot;unit&quot;:&quot;px&quot;,&quot;size&quot;:&quot;&quot;,&quot;sizes&quot;:[]}}\" data-widget_type=\"button.default\">\n\t\t\t\t<div class=\"elementor-widget-container\">\n\t\t\t\t\t\t\t\t\t<div class=\"elementor-button-wrapper\">\n\t\t\t\t\t<a class=\"elementor-button elementor-button-link elementor-size-sm\" href=\"https:\/\/fr.calameo.com\/read\/0060187143d8ac54701a1\">\n\t\t\t\t\t\t<span class=\"elementor-button-content-wrapper\">\n\t\t\t\t\t\t<span class=\"elementor-button-icon\">\n\t\t\t\t<i aria-hidden=\"true\" class=\"far fa-arrow-alt-circle-down\"><\/i>\t\t\t<\/span>\n\t\t\t\t\t\t\t\t\t<span class=\"elementor-button-text\">Dossier de pr\u00e9sentation<\/span>\n\t\t\t\t\t<\/span>\n\t\t\t\t\t<\/a>\n\t\t\t\t<\/div>\n\t\t\t\t\t\t\t\t<\/div>\n\t\t\t\t<\/div>\n\t\t\t\t<div class=\"elementor-element elementor-element-c81990d elementor-widget elementor-widget-spacer\" data-id=\"c81990d\" data-element_type=\"widget\" data-e-type=\"widget\" data-widget_type=\"spacer.default\">\n\t\t\t\t<div class=\"elementor-widget-container\">\n\t\t\t\t\t\t\t<div class=\"elementor-spacer\">\n\t\t\t<div class=\"elementor-spacer-inner\"><\/div>\n\t\t<\/div>\n\t\t\t\t\t\t<\/div>\n\t\t\t\t<\/div>\n\t\t\t\t\t<\/div>\n\t\t<\/div>\n\t\t\t\t\t<\/div>\n\t\t<\/section>\n\t\t\t\t<\/div>\n\t\t","protected":false},"excerpt":{"rendered":"<p>L&rsquo;\u00e9pouvante Entresort tr\u00e8s inspir\u00e9 du th\u00e9\u00e2tre du Grand Guignol, genre th\u00e9\u00e2tral fran\u00e7ais du d\u00e9but des ann\u00e9es 1900. Th\u00e9\u00e2tre de rue, diurne ou nocture. Ce que nous avons cherch\u00e9 : Qu\u2019est-ce &hellip;<\/p>\n<p class=\"read-more\"> <a class=\"\" href=\"http:\/\/www.puddingtheatre.fr\/?page_id=609\"> <span class=\"screen-reader-text\">L&rsquo;\u00c9POUVANTE<\/span> Lire la suite\u00a0\u00bb<\/a><\/p>\n","protected":false},"author":2,"featured_media":1782,"parent":0,"menu_order":0,"comment_status":"closed","ping_status":"open","template":"elementor_header_footer","meta":{"_monsterinsights_skip_tracking":false,"_monsterinsights_sitenote_active":false,"_monsterinsights_sitenote_note":"","_monsterinsights_sitenote_category":0,"site-sidebar-layout":"default","site-content-layout":"default","ast-global-header-display":"","ast-banner-title-visibility":"","ast-main-header-display":"","ast-hfb-above-header-display":"","ast-hfb-below-header-display":"","ast-hfb-mobile-header-display":"","site-post-title":"","ast-breadcrumbs-content":"","ast-featured-img":"","footer-sml-layout":"","theme-transparent-header-meta":"","adv-header-id-meta":"","stick-header-meta":"","header-above-stick-meta":"","header-main-stick-meta":"","header-below-stick-meta":"","ngg_post_thumbnail":0,"footnotes":""},"class_list":["post-609","page","type-page","status-publish","has-post-thumbnail","hentry"],"yoast_head":"<!-- This site is optimized with the Yoast SEO plugin v25.9 - https:\/\/yoast.com\/wordpress\/plugins\/seo\/ -->\n<title>L&#039;\u00c9POUVANTE - Compagnie de Th\u00e9\u00e2tre de Rue<\/title>\n<meta name=\"robots\" content=\"index, follow, max-snippet:-1, max-image-preview:large, max-video-preview:-1\" \/>\n<link rel=\"canonical\" href=\"http:\/\/www.puddingtheatre.fr\/?page_id=609\" \/>\n<meta property=\"og:locale\" content=\"fr_FR\" \/>\n<meta property=\"og:type\" content=\"article\" \/>\n<meta property=\"og:title\" content=\"L&#039;\u00c9POUVANTE - Compagnie de Th\u00e9\u00e2tre de Rue\" \/>\n<meta property=\"og:description\" content=\"L&rsquo;\u00e9pouvante Entresort tr\u00e8s inspir\u00e9 du th\u00e9\u00e2tre du Grand Guignol, genre th\u00e9\u00e2tral fran\u00e7ais du d\u00e9but des ann\u00e9es 1900. Th\u00e9\u00e2tre de rue, diurne ou nocture. Ce que nous avons cherch\u00e9 : Qu\u2019est-ce &hellip; L&rsquo;\u00c9POUVANTE Lire la suite\u00a0\u00bb\" \/>\n<meta property=\"og:url\" content=\"http:\/\/www.puddingtheatre.fr\/?page_id=609\" \/>\n<meta property=\"og:site_name\" content=\"Compagnie de Th\u00e9\u00e2tre de Rue\" \/>\n<meta property=\"article:modified_time\" content=\"2022-04-12T10:58:00+00:00\" \/>\n<meta property=\"og:image\" content=\"http:\/\/www.puddingtheatre.fr\/wp-content\/uploads\/2022\/03\/Laurent-Nembrini-rognee-1-scaled.jpg\" \/>\n\t<meta property=\"og:image:width\" content=\"2560\" \/>\n\t<meta property=\"og:image:height\" content=\"1420\" \/>\n\t<meta property=\"og:image:type\" content=\"image\/jpeg\" \/>\n<meta name=\"twitter:label1\" content=\"Dur\u00e9e de lecture estim\u00e9e\" \/>\n\t<meta name=\"twitter:data1\" content=\"1 minute\" \/>\n<script type=\"application\/ld+json\" class=\"yoast-schema-graph\">{\"@context\":\"https:\/\/schema.org\",\"@graph\":[{\"@type\":\"WebPage\",\"@id\":\"http:\/\/www.puddingtheatre.fr\/?page_id=609\",\"url\":\"http:\/\/www.puddingtheatre.fr\/?page_id=609\",\"name\":\"L'\u00c9POUVANTE - Compagnie de Th\u00e9\u00e2tre de Rue\",\"isPartOf\":{\"@id\":\"http:\/\/www.puddingtheatre.fr\/#website\"},\"primaryImageOfPage\":{\"@id\":\"http:\/\/www.puddingtheatre.fr\/?page_id=609#primaryimage\"},\"image\":{\"@id\":\"http:\/\/www.puddingtheatre.fr\/?page_id=609#primaryimage\"},\"thumbnailUrl\":\"http:\/\/www.puddingtheatre.fr\/wp-content\/uploads\/2022\/03\/Laurent-Nembrini-rognee-1-scaled.jpg\",\"datePublished\":\"2015-06-01T15:47:48+00:00\",\"dateModified\":\"2022-04-12T10:58:00+00:00\",\"inLanguage\":\"fr-FR\",\"potentialAction\":[{\"@type\":\"ReadAction\",\"target\":[\"http:\/\/www.puddingtheatre.fr\/?page_id=609\"]}]},{\"@type\":\"ImageObject\",\"inLanguage\":\"fr-FR\",\"@id\":\"http:\/\/www.puddingtheatre.fr\/?page_id=609#primaryimage\",\"url\":\"http:\/\/www.puddingtheatre.fr\/wp-content\/uploads\/2022\/03\/Laurent-Nembrini-rognee-1-scaled.jpg\",\"contentUrl\":\"http:\/\/www.puddingtheatre.fr\/wp-content\/uploads\/2022\/03\/Laurent-Nembrini-rognee-1-scaled.jpg\",\"width\":2560,\"height\":1420},{\"@type\":\"WebSite\",\"@id\":\"http:\/\/www.puddingtheatre.fr\/#website\",\"url\":\"http:\/\/www.puddingtheatre.fr\/\",\"name\":\"Compagnie de Th\u00e9\u00e2tre de Rue\",\"description\":\"\",\"publisher\":{\"@id\":\"http:\/\/www.puddingtheatre.fr\/#organization\"},\"potentialAction\":[{\"@type\":\"SearchAction\",\"target\":{\"@type\":\"EntryPoint\",\"urlTemplate\":\"http:\/\/www.puddingtheatre.fr\/?s={search_term_string}\"},\"query-input\":{\"@type\":\"PropertyValueSpecification\",\"valueRequired\":true,\"valueName\":\"search_term_string\"}}],\"inLanguage\":\"fr-FR\"},{\"@type\":\"Organization\",\"@id\":\"http:\/\/www.puddingtheatre.fr\/#organization\",\"name\":\"Compagnie de Th\u00e9\u00e2tre de Rue\",\"url\":\"http:\/\/www.puddingtheatre.fr\/\",\"logo\":{\"@type\":\"ImageObject\",\"inLanguage\":\"fr-FR\",\"@id\":\"http:\/\/www.puddingtheatre.fr\/#\/schema\/logo\/image\/\",\"url\":\"http:\/\/www.puddingtheatre.fr\/wp-content\/uploads\/2023\/04\/cropped-LOGO-noir-sur-blanc.png\",\"contentUrl\":\"http:\/\/www.puddingtheatre.fr\/wp-content\/uploads\/2023\/04\/cropped-LOGO-noir-sur-blanc.png\",\"width\":499,\"height\":329,\"caption\":\"Compagnie de Th\u00e9\u00e2tre de Rue\"},\"image\":{\"@id\":\"http:\/\/www.puddingtheatre.fr\/#\/schema\/logo\/image\/\"}}]}<\/script>\n<!-- \/ Yoast SEO plugin. -->","yoast_head_json":{"title":"L'\u00c9POUVANTE - Compagnie de Th\u00e9\u00e2tre de Rue","robots":{"index":"index","follow":"follow","max-snippet":"max-snippet:-1","max-image-preview":"max-image-preview:large","max-video-preview":"max-video-preview:-1"},"canonical":"http:\/\/www.puddingtheatre.fr\/?page_id=609","og_locale":"fr_FR","og_type":"article","og_title":"L'\u00c9POUVANTE - Compagnie de Th\u00e9\u00e2tre de Rue","og_description":"L&rsquo;\u00e9pouvante Entresort tr\u00e8s inspir\u00e9 du th\u00e9\u00e2tre du Grand Guignol, genre th\u00e9\u00e2tral fran\u00e7ais du d\u00e9but des ann\u00e9es 1900. Th\u00e9\u00e2tre de rue, diurne ou nocture. Ce que nous avons cherch\u00e9 : Qu\u2019est-ce &hellip; L&rsquo;\u00c9POUVANTE Lire la suite\u00a0\u00bb","og_url":"http:\/\/www.puddingtheatre.fr\/?page_id=609","og_site_name":"Compagnie de Th\u00e9\u00e2tre de Rue","article_modified_time":"2022-04-12T10:58:00+00:00","og_image":[{"width":2560,"height":1420,"url":"http:\/\/www.puddingtheatre.fr\/wp-content\/uploads\/2022\/03\/Laurent-Nembrini-rognee-1-scaled.jpg","type":"image\/jpeg"}],"twitter_misc":{"Dur\u00e9e de lecture estim\u00e9e":"1 minute"},"schema":{"@context":"https:\/\/schema.org","@graph":[{"@type":"WebPage","@id":"http:\/\/www.puddingtheatre.fr\/?page_id=609","url":"http:\/\/www.puddingtheatre.fr\/?page_id=609","name":"L'\u00c9POUVANTE - Compagnie de Th\u00e9\u00e2tre de Rue","isPartOf":{"@id":"http:\/\/www.puddingtheatre.fr\/#website"},"primaryImageOfPage":{"@id":"http:\/\/www.puddingtheatre.fr\/?page_id=609#primaryimage"},"image":{"@id":"http:\/\/www.puddingtheatre.fr\/?page_id=609#primaryimage"},"thumbnailUrl":"http:\/\/www.puddingtheatre.fr\/wp-content\/uploads\/2022\/03\/Laurent-Nembrini-rognee-1-scaled.jpg","datePublished":"2015-06-01T15:47:48+00:00","dateModified":"2022-04-12T10:58:00+00:00","inLanguage":"fr-FR","potentialAction":[{"@type":"ReadAction","target":["http:\/\/www.puddingtheatre.fr\/?page_id=609"]}]},{"@type":"ImageObject","inLanguage":"fr-FR","@id":"http:\/\/www.puddingtheatre.fr\/?page_id=609#primaryimage","url":"http:\/\/www.puddingtheatre.fr\/wp-content\/uploads\/2022\/03\/Laurent-Nembrini-rognee-1-scaled.jpg","contentUrl":"http:\/\/www.puddingtheatre.fr\/wp-content\/uploads\/2022\/03\/Laurent-Nembrini-rognee-1-scaled.jpg","width":2560,"height":1420},{"@type":"WebSite","@id":"http:\/\/www.puddingtheatre.fr\/#website","url":"http:\/\/www.puddingtheatre.fr\/","name":"Compagnie de Th\u00e9\u00e2tre de Rue","description":"","publisher":{"@id":"http:\/\/www.puddingtheatre.fr\/#organization"},"potentialAction":[{"@type":"SearchAction","target":{"@type":"EntryPoint","urlTemplate":"http:\/\/www.puddingtheatre.fr\/?s={search_term_string}"},"query-input":{"@type":"PropertyValueSpecification","valueRequired":true,"valueName":"search_term_string"}}],"inLanguage":"fr-FR"},{"@type":"Organization","@id":"http:\/\/www.puddingtheatre.fr\/#organization","name":"Compagnie de Th\u00e9\u00e2tre de Rue","url":"http:\/\/www.puddingtheatre.fr\/","logo":{"@type":"ImageObject","inLanguage":"fr-FR","@id":"http:\/\/www.puddingtheatre.fr\/#\/schema\/logo\/image\/","url":"http:\/\/www.puddingtheatre.fr\/wp-content\/uploads\/2023\/04\/cropped-LOGO-noir-sur-blanc.png","contentUrl":"http:\/\/www.puddingtheatre.fr\/wp-content\/uploads\/2023\/04\/cropped-LOGO-noir-sur-blanc.png","width":499,"height":329,"caption":"Compagnie de Th\u00e9\u00e2tre de Rue"},"image":{"@id":"http:\/\/www.puddingtheatre.fr\/#\/schema\/logo\/image\/"}}]}},"_links":{"self":[{"href":"http:\/\/www.puddingtheatre.fr\/index.php?rest_route=\/wp\/v2\/pages\/609","targetHints":{"allow":["GET"]}}],"collection":[{"href":"http:\/\/www.puddingtheatre.fr\/index.php?rest_route=\/wp\/v2\/pages"}],"about":[{"href":"http:\/\/www.puddingtheatre.fr\/index.php?rest_route=\/wp\/v2\/types\/page"}],"author":[{"embeddable":true,"href":"http:\/\/www.puddingtheatre.fr\/index.php?rest_route=\/wp\/v2\/users\/2"}],"replies":[{"embeddable":true,"href":"http:\/\/www.puddingtheatre.fr\/index.php?rest_route=%2Fwp%2Fv2%2Fcomments&post=609"}],"version-history":[{"count":45,"href":"http:\/\/www.puddingtheatre.fr\/index.php?rest_route=\/wp\/v2\/pages\/609\/revisions"}],"predecessor-version":[{"id":2080,"href":"http:\/\/www.puddingtheatre.fr\/index.php?rest_route=\/wp\/v2\/pages\/609\/revisions\/2080"}],"wp:featuredmedia":[{"embeddable":true,"href":"http:\/\/www.puddingtheatre.fr\/index.php?rest_route=\/wp\/v2\/media\/1782"}],"wp:attachment":[{"href":"http:\/\/www.puddingtheatre.fr\/index.php?rest_route=%2Fwp%2Fv2%2Fmedia&parent=609"}],"curies":[{"name":"wp","href":"https:\/\/api.w.org\/{rel}","templated":true}]}}