{"id":130,"date":"2013-01-21T15:22:58","date_gmt":"2013-01-21T14:22:58","guid":{"rendered":"http:\/\/www.puddingtheatre.fr\/?page_id=130"},"modified":"2022-03-01T09:48:22","modified_gmt":"2022-03-01T08:48:22","slug":"les-projets-de-territoire","status":"publish","type":"page","link":"http:\/\/www.puddingtheatre.fr\/?page_id=130","title":{"rendered":"Projets de territoire"},"content":{"rendered":"\t\t<div data-elementor-type=\"wp-page\" data-elementor-id=\"130\" class=\"elementor elementor-130\">\n\t\t\t\t\t\t<section class=\"elementor-section elementor-top-section elementor-element elementor-element-6e3a4ad elementor-section-stretched elementor-section-boxed elementor-section-height-default elementor-section-height-default\" data-id=\"6e3a4ad\" data-element_type=\"section\" data-e-type=\"section\" data-settings=\"{&quot;stretch_section&quot;:&quot;section-stretched&quot;}\">\n\t\t\t\t\t\t<div class=\"elementor-container elementor-column-gap-default\">\n\t\t\t\t\t<div class=\"elementor-column elementor-col-100 elementor-top-column elementor-element elementor-element-7059ac25\" data-id=\"7059ac25\" data-element_type=\"column\" data-e-type=\"column\">\n\t\t\t<div class=\"elementor-widget-wrap elementor-element-populated\">\n\t\t\t\t\t\t<div class=\"elementor-element elementor-element-7bda273c elementor-widget elementor-widget-text-editor\" data-id=\"7bda273c\" data-element_type=\"widget\" data-e-type=\"widget\" data-widget_type=\"text-editor.default\">\n\t\t\t\t<div class=\"elementor-widget-container\">\n\t\t\t\t\t\t\t\t\t<p style=\"text-align: center;\">Une bonne moiti\u00e9 du Pudding est enfant du pays et la Cie est tr\u00e8s impliqu\u00e9e sur son territoire.<\/p><p style=\"text-align: center;\">Ces quelques derni\u00e8res ann\u00e9es, 2 formules festives ont \u00e9t\u00e9 invent\u00e9es pour c\u00e9l\u00e9brer le territoire :<\/p><p style=\"text-align: center;\"><a href=\"http:\/\/www.puddingtheatre.fr\/?page_id=830\">Le\u00a0Cabaret des Locales.\u00a0<\/a><\/p><p style=\"text-align: center;\"><a href=\"http:\/\/www.puddingtheatre.fr\/?page_id=719\">Les Solstices.<\/a><\/p><p style=\"text-align: center;\">\u00a0<\/p><p style=\"text-align: center;\">\u00a0<\/p><p style=\"text-align: center;\">Pour d\u00e9velopper une autre approche du travail, du public et du territoire, la cie m\u00e8ne \u00e9galement d\u2019autres activit\u00e9s autour de la formation et des \u00e9critures sp\u00e9cifiques.<\/p><p style=\"text-align: center;\">Deux axes qui nous tiennent beaucoup \u00e0 c\u0153ur.<\/p><p style=\"text-align: center;\"><a href=\"http:\/\/www.puddingtheatre.fr\/?page_id=736\">Formation<\/a><\/p><p style=\"text-align: center;\"><a href=\"http:\/\/www.puddingtheatre.fr\/?page_id=739\">Evenementiel<\/a><\/p>\t\t\t\t\t\t\t\t<\/div>\n\t\t\t\t<\/div>\n\t\t\t\t\t<\/div>\n\t\t<\/div>\n\t\t\t\t\t<\/div>\n\t\t<\/section>\n\t\t\t\t<\/div>\n\t\t","protected":false},"excerpt":{"rendered":"<p>Une bonne moiti\u00e9 du Pudding est enfant du pays et la Cie est tr\u00e8s impliqu\u00e9e sur son territoire. Ces quelques derni\u00e8res ann\u00e9es, 2 formules festives ont \u00e9t\u00e9 invent\u00e9es pour c\u00e9l\u00e9brer &hellip;<\/p>\n<p class=\"read-more\"> <a class=\"\" href=\"http:\/\/www.puddingtheatre.fr\/?page_id=130\"> <span class=\"screen-reader-text\">Projets de territoire<\/span> Lire la suite\u00a0\u00bb<\/a><\/p>\n","protected":false},"author":1,"featured_media":1258,"parent":0,"menu_order":0,"comment_status":"closed","ping_status":"closed","template":"","meta":{"_monsterinsights_skip_tracking":false,"_monsterinsights_sitenote_active":false,"_monsterinsights_sitenote_note":"","_monsterinsights_sitenote_category":0,"site-sidebar-layout":"default","site-content-layout":"default","ast-global-header-display":"","ast-banner-title-visibility":"","ast-main-header-display":"","ast-hfb-above-header-display":"","ast-hfb-below-header-display":"","ast-hfb-mobile-header-display":"","site-post-title":"","ast-breadcrumbs-content":"","ast-featured-img":"","footer-sml-layout":"","theme-transparent-header-meta":"","adv-header-id-meta":"","stick-header-meta":"","header-above-stick-meta":"","header-main-stick-meta":"","header-below-stick-meta":"","ngg_post_thumbnail":0,"footnotes":""},"class_list":["post-130","page","type-page","status-publish","has-post-thumbnail","hentry"],"yoast_head":"<!-- This site is optimized with the Yoast SEO plugin v25.9 - https:\/\/yoast.com\/wordpress\/plugins\/seo\/ -->\n<title>Projets de territoire - Compagnie de Th\u00e9\u00e2tre de Rue<\/title>\n<meta name=\"robots\" content=\"index, follow, max-snippet:-1, max-image-preview:large, max-video-preview:-1\" \/>\n<link rel=\"canonical\" href=\"http:\/\/www.puddingtheatre.fr\/?page_id=130\" \/>\n<meta property=\"og:locale\" content=\"fr_FR\" \/>\n<meta property=\"og:type\" content=\"article\" \/>\n<meta property=\"og:title\" content=\"Projets de territoire - Compagnie de Th\u00e9\u00e2tre de Rue\" \/>\n<meta property=\"og:description\" content=\"Une bonne moiti\u00e9 du Pudding est enfant du pays et la Cie est tr\u00e8s impliqu\u00e9e sur son territoire. Ces quelques derni\u00e8res ann\u00e9es, 2 formules festives ont \u00e9t\u00e9 invent\u00e9es pour c\u00e9l\u00e9brer &hellip; Projets de territoire Lire la suite\u00a0\u00bb\" \/>\n<meta property=\"og:url\" content=\"http:\/\/www.puddingtheatre.fr\/?page_id=130\" \/>\n<meta property=\"og:site_name\" content=\"Compagnie de Th\u00e9\u00e2tre de Rue\" \/>\n<meta property=\"article:modified_time\" content=\"2022-03-01T08:48:22+00:00\" \/>\n<meta property=\"og:image\" content=\"http:\/\/www.puddingtheatre.fr\/wp-content\/uploads\/2019\/09\/DSC01332.JPG-1024x768.jpg\" \/>\n\t<meta property=\"og:image:width\" content=\"1024\" \/>\n\t<meta property=\"og:image:height\" content=\"768\" \/>\n\t<meta property=\"og:image:type\" content=\"image\/jpeg\" \/>\n<script type=\"application\/ld+json\" class=\"yoast-schema-graph\">{\"@context\":\"https:\/\/schema.org\",\"@graph\":[{\"@type\":\"WebPage\",\"@id\":\"http:\/\/www.puddingtheatre.fr\/?page_id=130\",\"url\":\"http:\/\/www.puddingtheatre.fr\/?page_id=130\",\"name\":\"Projets de territoire - Compagnie de Th\u00e9\u00e2tre de Rue\",\"isPartOf\":{\"@id\":\"http:\/\/www.puddingtheatre.fr\/#website\"},\"primaryImageOfPage\":{\"@id\":\"http:\/\/www.puddingtheatre.fr\/?page_id=130#primaryimage\"},\"image\":{\"@id\":\"http:\/\/www.puddingtheatre.fr\/?page_id=130#primaryimage\"},\"thumbnailUrl\":\"http:\/\/www.puddingtheatre.fr\/wp-content\/uploads\/2019\/09\/DSC01332.JPG.jpg\",\"datePublished\":\"2013-01-21T14:22:58+00:00\",\"dateModified\":\"2022-03-01T08:48:22+00:00\",\"inLanguage\":\"fr-FR\",\"potentialAction\":[{\"@type\":\"ReadAction\",\"target\":[\"http:\/\/www.puddingtheatre.fr\/?page_id=130\"]}]},{\"@type\":\"ImageObject\",\"inLanguage\":\"fr-FR\",\"@id\":\"http:\/\/www.puddingtheatre.fr\/?page_id=130#primaryimage\",\"url\":\"http:\/\/www.puddingtheatre.fr\/wp-content\/uploads\/2019\/09\/DSC01332.JPG.jpg\",\"contentUrl\":\"http:\/\/www.puddingtheatre.fr\/wp-content\/uploads\/2019\/09\/DSC01332.JPG.jpg\",\"width\":3648,\"height\":2736},{\"@type\":\"WebSite\",\"@id\":\"http:\/\/www.puddingtheatre.fr\/#website\",\"url\":\"http:\/\/www.puddingtheatre.fr\/\",\"name\":\"Compagnie de Th\u00e9\u00e2tre de Rue\",\"description\":\"\",\"publisher\":{\"@id\":\"http:\/\/www.puddingtheatre.fr\/#organization\"},\"potentialAction\":[{\"@type\":\"SearchAction\",\"target\":{\"@type\":\"EntryPoint\",\"urlTemplate\":\"http:\/\/www.puddingtheatre.fr\/?s={search_term_string}\"},\"query-input\":{\"@type\":\"PropertyValueSpecification\",\"valueRequired\":true,\"valueName\":\"search_term_string\"}}],\"inLanguage\":\"fr-FR\"},{\"@type\":\"Organization\",\"@id\":\"http:\/\/www.puddingtheatre.fr\/#organization\",\"name\":\"Compagnie de Th\u00e9\u00e2tre de Rue\",\"url\":\"http:\/\/www.puddingtheatre.fr\/\",\"logo\":{\"@type\":\"ImageObject\",\"inLanguage\":\"fr-FR\",\"@id\":\"http:\/\/www.puddingtheatre.fr\/#\/schema\/logo\/image\/\",\"url\":\"http:\/\/www.puddingtheatre.fr\/wp-content\/uploads\/2023\/04\/cropped-LOGO-noir-sur-blanc.png\",\"contentUrl\":\"http:\/\/www.puddingtheatre.fr\/wp-content\/uploads\/2023\/04\/cropped-LOGO-noir-sur-blanc.png\",\"width\":499,\"height\":329,\"caption\":\"Compagnie de Th\u00e9\u00e2tre de Rue\"},\"image\":{\"@id\":\"http:\/\/www.puddingtheatre.fr\/#\/schema\/logo\/image\/\"}}]}<\/script>\n<!-- \/ Yoast SEO plugin. -->","yoast_head_json":{"title":"Projets de territoire - Compagnie de Th\u00e9\u00e2tre de Rue","robots":{"index":"index","follow":"follow","max-snippet":"max-snippet:-1","max-image-preview":"max-image-preview:large","max-video-preview":"max-video-preview:-1"},"canonical":"http:\/\/www.puddingtheatre.fr\/?page_id=130","og_locale":"fr_FR","og_type":"article","og_title":"Projets de territoire - Compagnie de Th\u00e9\u00e2tre de Rue","og_description":"Une bonne moiti\u00e9 du Pudding est enfant du pays et la Cie est tr\u00e8s impliqu\u00e9e sur son territoire. Ces quelques derni\u00e8res ann\u00e9es, 2 formules festives ont \u00e9t\u00e9 invent\u00e9es pour c\u00e9l\u00e9brer &hellip; Projets de territoire Lire la suite\u00a0\u00bb","og_url":"http:\/\/www.puddingtheatre.fr\/?page_id=130","og_site_name":"Compagnie de Th\u00e9\u00e2tre de Rue","article_modified_time":"2022-03-01T08:48:22+00:00","og_image":[{"width":1024,"height":768,"url":"http:\/\/www.puddingtheatre.fr\/wp-content\/uploads\/2019\/09\/DSC01332.JPG-1024x768.jpg","type":"image\/jpeg"}],"schema":{"@context":"https:\/\/schema.org","@graph":[{"@type":"WebPage","@id":"http:\/\/www.puddingtheatre.fr\/?page_id=130","url":"http:\/\/www.puddingtheatre.fr\/?page_id=130","name":"Projets de territoire - Compagnie de Th\u00e9\u00e2tre de Rue","isPartOf":{"@id":"http:\/\/www.puddingtheatre.fr\/#website"},"primaryImageOfPage":{"@id":"http:\/\/www.puddingtheatre.fr\/?page_id=130#primaryimage"},"image":{"@id":"http:\/\/www.puddingtheatre.fr\/?page_id=130#primaryimage"},"thumbnailUrl":"http:\/\/www.puddingtheatre.fr\/wp-content\/uploads\/2019\/09\/DSC01332.JPG.jpg","datePublished":"2013-01-21T14:22:58+00:00","dateModified":"2022-03-01T08:48:22+00:00","inLanguage":"fr-FR","potentialAction":[{"@type":"ReadAction","target":["http:\/\/www.puddingtheatre.fr\/?page_id=130"]}]},{"@type":"ImageObject","inLanguage":"fr-FR","@id":"http:\/\/www.puddingtheatre.fr\/?page_id=130#primaryimage","url":"http:\/\/www.puddingtheatre.fr\/wp-content\/uploads\/2019\/09\/DSC01332.JPG.jpg","contentUrl":"http:\/\/www.puddingtheatre.fr\/wp-content\/uploads\/2019\/09\/DSC01332.JPG.jpg","width":3648,"height":2736},{"@type":"WebSite","@id":"http:\/\/www.puddingtheatre.fr\/#website","url":"http:\/\/www.puddingtheatre.fr\/","name":"Compagnie de Th\u00e9\u00e2tre de Rue","description":"","publisher":{"@id":"http:\/\/www.puddingtheatre.fr\/#organization"},"potentialAction":[{"@type":"SearchAction","target":{"@type":"EntryPoint","urlTemplate":"http:\/\/www.puddingtheatre.fr\/?s={search_term_string}"},"query-input":{"@type":"PropertyValueSpecification","valueRequired":true,"valueName":"search_term_string"}}],"inLanguage":"fr-FR"},{"@type":"Organization","@id":"http:\/\/www.puddingtheatre.fr\/#organization","name":"Compagnie de Th\u00e9\u00e2tre de Rue","url":"http:\/\/www.puddingtheatre.fr\/","logo":{"@type":"ImageObject","inLanguage":"fr-FR","@id":"http:\/\/www.puddingtheatre.fr\/#\/schema\/logo\/image\/","url":"http:\/\/www.puddingtheatre.fr\/wp-content\/uploads\/2023\/04\/cropped-LOGO-noir-sur-blanc.png","contentUrl":"http:\/\/www.puddingtheatre.fr\/wp-content\/uploads\/2023\/04\/cropped-LOGO-noir-sur-blanc.png","width":499,"height":329,"caption":"Compagnie de Th\u00e9\u00e2tre de Rue"},"image":{"@id":"http:\/\/www.puddingtheatre.fr\/#\/schema\/logo\/image\/"}}]}},"_links":{"self":[{"href":"http:\/\/www.puddingtheatre.fr\/index.php?rest_route=\/wp\/v2\/pages\/130","targetHints":{"allow":["GET"]}}],"collection":[{"href":"http:\/\/www.puddingtheatre.fr\/index.php?rest_route=\/wp\/v2\/pages"}],"about":[{"href":"http:\/\/www.puddingtheatre.fr\/index.php?rest_route=\/wp\/v2\/types\/page"}],"author":[{"embeddable":true,"href":"http:\/\/www.puddingtheatre.fr\/index.php?rest_route=\/wp\/v2\/users\/1"}],"replies":[{"embeddable":true,"href":"http:\/\/www.puddingtheatre.fr\/index.php?rest_route=%2Fwp%2Fv2%2Fcomments&post=130"}],"version-history":[{"count":19,"href":"http:\/\/www.puddingtheatre.fr\/index.php?rest_route=\/wp\/v2\/pages\/130\/revisions"}],"predecessor-version":[{"id":1727,"href":"http:\/\/www.puddingtheatre.fr\/index.php?rest_route=\/wp\/v2\/pages\/130\/revisions\/1727"}],"wp:featuredmedia":[{"embeddable":true,"href":"http:\/\/www.puddingtheatre.fr\/index.php?rest_route=\/wp\/v2\/media\/1258"}],"wp:attachment":[{"href":"http:\/\/www.puddingtheatre.fr\/index.php?rest_route=%2Fwp%2Fv2%2Fmedia&parent=130"}],"curies":[{"name":"wp","href":"https:\/\/api.w.org\/{rel}","templated":true}]}}