{"id":1241,"date":"2019-09-17T13:24:57","date_gmt":"2019-09-17T12:24:57","guid":{"rendered":"http:\/\/www.puddingtheatre.fr\/?page_id=1241"},"modified":"2022-03-01T09:48:36","modified_gmt":"2022-03-01T08:48:36","slug":"les-spectacles-du-pudding","status":"publish","type":"page","link":"http:\/\/www.puddingtheatre.fr\/?page_id=1241","title":{"rendered":"Spectacles"},"content":{"rendered":"\t\t<div data-elementor-type=\"wp-page\" data-elementor-id=\"1241\" class=\"elementor elementor-1241\">\n\t\t\t\t\t\t<section class=\"elementor-section elementor-top-section elementor-element elementor-element-79c19e4f elementor-section-boxed elementor-section-height-default elementor-section-height-default\" data-id=\"79c19e4f\" data-element_type=\"section\" data-e-type=\"section\">\n\t\t\t\t\t\t<div class=\"elementor-container elementor-column-gap-default\">\n\t\t\t\t\t<div class=\"elementor-column elementor-col-100 elementor-top-column elementor-element elementor-element-34d9d52c\" data-id=\"34d9d52c\" data-element_type=\"column\" data-e-type=\"column\">\n\t\t\t<div class=\"elementor-widget-wrap elementor-element-populated\">\n\t\t\t\t\t\t<div class=\"elementor-element elementor-element-9607301 elementor-widget elementor-widget-heading\" data-id=\"9607301\" data-element_type=\"widget\" data-e-type=\"widget\" data-widget_type=\"heading.default\">\n\t\t\t\t<div class=\"elementor-widget-container\">\n\t\t\t\t\t<h2 class=\"elementor-heading-title elementor-size-default\">Le r\u00e9pertoire du Pudding est comme un menu :<\/h2>\t\t\t\t<\/div>\n\t\t\t\t<\/div>\n\t\t\t\t<div class=\"elementor-element elementor-element-ce5b100 elementor-widget elementor-widget-spacer\" data-id=\"ce5b100\" data-element_type=\"widget\" data-e-type=\"widget\" data-widget_type=\"spacer.default\">\n\t\t\t\t<div class=\"elementor-widget-container\">\n\t\t\t\t\t\t\t<div class=\"elementor-spacer\">\n\t\t\t<div class=\"elementor-spacer-inner\"><\/div>\n\t\t<\/div>\n\t\t\t\t\t\t<\/div>\n\t\t\t\t<\/div>\n\t\t\t\t<div class=\"elementor-element elementor-element-4a10ae2c elementor-widget elementor-widget-text-editor\" data-id=\"4a10ae2c\" data-element_type=\"widget\" data-e-type=\"widget\" data-widget_type=\"text-editor.default\">\n\t\t\t\t<div class=\"elementor-widget-container\">\n\t\t\t\t\t\t\t\t\t<p><strong>En entr\u00e9e, des spectacles fixes\u00a0:<\/strong><\/p><ul><li>Un <a href=\"http:\/\/www.puddingtheatre.fr\/jfb\/\" target=\"_blank\" rel=\"noopener\">solo tout terrain<\/a>, r\u00e9cit de vies et d\u2019un artiste<\/li><li>Un <a href=\"http:\/\/www.puddingtheatre.fr\/alambic-4\/\">road-movie<\/a> litt\u00e9raire et alcool\u00e9mique<\/li><li>Un <a href=\"http:\/\/www.puddingtheatre.fr\/609-2\/\" target=\"_blank\" rel=\"noopener\">entre-sort<\/a> sanglant et soci\u00e9tal<\/li><\/ul><p>\u00a0<\/p><p><strong>Les d\u00e9ambulations en plat de r\u00e9sistance\u00a0:<\/strong><\/p><ul><li><a href=\"http:\/\/www.puddingtheatre.fr\/geopolis\/\" target=\"_blank\" rel=\"noopener\">Fixe XXL<\/a> pour spectateurs mouvants<\/li><li>Un <a href=\"http:\/\/www.puddingtheatre.fr\/soupirs\/\" target=\"_blank\" rel=\"noopener\">Voyage temporel<\/a> sensible sur deux chemins<\/li><\/ul><p>\u00a0<\/p><p><strong>Pour le dessert, le jeune public\u00a0:<\/strong><\/p><ul><li><a href=\"http:\/\/www.puddingtheatre.fr\/le-grand-voyage-de-blanche\/\" target=\"_blank\" rel=\"noopener\">Une odyss\u00e9e<\/a>, qui prend d\u2019assaut la cour de r\u00e9cr\u00e9ation<\/li><\/ul><p>\u00a0<\/p><p><strong>Les produits du terroir\u00a0:<\/strong><\/p><ul><li><a href=\"http:\/\/www.puddingtheatre.fr\/le-cabaret-des-locales\/\" target=\"_blank\" rel=\"noopener\">Des Cabarets sur mesure<\/a><\/li><li>Les <a href=\"http:\/\/www.puddingtheatre.fr\/contrat-territorial\/\" target=\"_blank\" rel=\"noopener\">Solstices<\/a><\/li><\/ul>\t\t\t\t\t\t\t\t<\/div>\n\t\t\t\t<\/div>\n\t\t\t\t\t<\/div>\n\t\t<\/div>\n\t\t\t\t\t<\/div>\n\t\t<\/section>\n\t\t\t\t<\/div>\n\t\t","protected":false},"excerpt":{"rendered":"<p>Le r\u00e9pertoire du Pudding est comme un menu : En entr\u00e9e, des spectacles fixes\u00a0: Un solo tout terrain, r\u00e9cit de vies et d\u2019un artiste Un road-movie litt\u00e9raire et alcool\u00e9mique Un &hellip;<\/p>\n<p class=\"read-more\"> <a class=\"\" href=\"http:\/\/www.puddingtheatre.fr\/?page_id=1241\"> <span class=\"screen-reader-text\">Spectacles<\/span> Lire la suite\u00a0\u00bb<\/a><\/p>\n","protected":false},"author":2,"featured_media":1308,"parent":0,"menu_order":0,"comment_status":"closed","ping_status":"closed","template":"","meta":{"_monsterinsights_skip_tracking":false,"_monsterinsights_sitenote_active":false,"_monsterinsights_sitenote_note":"","_monsterinsights_sitenote_category":0,"site-sidebar-layout":"default","site-content-layout":"default","ast-global-header-display":"","ast-banner-title-visibility":"","ast-main-header-display":"","ast-hfb-above-header-display":"","ast-hfb-below-header-display":"","ast-hfb-mobile-header-display":"","site-post-title":"","ast-breadcrumbs-content":"","ast-featured-img":"","footer-sml-layout":"","theme-transparent-header-meta":"","adv-header-id-meta":"","stick-header-meta":"","header-above-stick-meta":"","header-main-stick-meta":"","header-below-stick-meta":"","ngg_post_thumbnail":0,"footnotes":""},"class_list":["post-1241","page","type-page","status-publish","has-post-thumbnail","hentry"],"yoast_head":"<!-- This site is optimized with the Yoast SEO plugin v25.9 - https:\/\/yoast.com\/wordpress\/plugins\/seo\/ -->\n<title>Spectacles - Compagnie de Th\u00e9\u00e2tre de Rue<\/title>\n<meta name=\"robots\" content=\"index, follow, max-snippet:-1, max-image-preview:large, max-video-preview:-1\" \/>\n<link rel=\"canonical\" href=\"http:\/\/www.puddingtheatre.fr\/?page_id=1241\" \/>\n<meta property=\"og:locale\" content=\"fr_FR\" \/>\n<meta property=\"og:type\" content=\"article\" \/>\n<meta property=\"og:title\" content=\"Spectacles - Compagnie de Th\u00e9\u00e2tre de Rue\" \/>\n<meta property=\"og:description\" content=\"Le r\u00e9pertoire du Pudding est comme un menu : En entr\u00e9e, des spectacles fixes\u00a0: Un solo tout terrain, r\u00e9cit de vies et d\u2019un artiste Un road-movie litt\u00e9raire et alcool\u00e9mique Un &hellip; Spectacles Lire la suite\u00a0\u00bb\" \/>\n<meta property=\"og:url\" content=\"http:\/\/www.puddingtheatre.fr\/?page_id=1241\" \/>\n<meta property=\"og:site_name\" content=\"Compagnie de Th\u00e9\u00e2tre de Rue\" \/>\n<meta property=\"article:modified_time\" content=\"2022-03-01T08:48:36+00:00\" \/>\n<meta property=\"og:image\" content=\"http:\/\/www.puddingtheatre.fr\/wp-content\/uploads\/2019\/12\/curtain-269920_1920.jpg\" \/>\n\t<meta property=\"og:image:width\" content=\"1920\" \/>\n\t<meta property=\"og:image:height\" content=\"1440\" \/>\n\t<meta property=\"og:image:type\" content=\"image\/jpeg\" \/>\n<script type=\"application\/ld+json\" class=\"yoast-schema-graph\">{\"@context\":\"https:\/\/schema.org\",\"@graph\":[{\"@type\":\"WebPage\",\"@id\":\"http:\/\/www.puddingtheatre.fr\/?page_id=1241\",\"url\":\"http:\/\/www.puddingtheatre.fr\/?page_id=1241\",\"name\":\"Spectacles - Compagnie de Th\u00e9\u00e2tre de Rue\",\"isPartOf\":{\"@id\":\"http:\/\/www.puddingtheatre.fr\/#website\"},\"primaryImageOfPage\":{\"@id\":\"http:\/\/www.puddingtheatre.fr\/?page_id=1241#primaryimage\"},\"image\":{\"@id\":\"http:\/\/www.puddingtheatre.fr\/?page_id=1241#primaryimage\"},\"thumbnailUrl\":\"http:\/\/www.puddingtheatre.fr\/wp-content\/uploads\/2019\/12\/curtain-269920_1920.jpg\",\"datePublished\":\"2019-09-17T12:24:57+00:00\",\"dateModified\":\"2022-03-01T08:48:36+00:00\",\"inLanguage\":\"fr-FR\",\"potentialAction\":[{\"@type\":\"ReadAction\",\"target\":[\"http:\/\/www.puddingtheatre.fr\/?page_id=1241\"]}]},{\"@type\":\"ImageObject\",\"inLanguage\":\"fr-FR\",\"@id\":\"http:\/\/www.puddingtheatre.fr\/?page_id=1241#primaryimage\",\"url\":\"http:\/\/www.puddingtheatre.fr\/wp-content\/uploads\/2019\/12\/curtain-269920_1920.jpg\",\"contentUrl\":\"http:\/\/www.puddingtheatre.fr\/wp-content\/uploads\/2019\/12\/curtain-269920_1920.jpg\",\"width\":1920,\"height\":1440},{\"@type\":\"WebSite\",\"@id\":\"http:\/\/www.puddingtheatre.fr\/#website\",\"url\":\"http:\/\/www.puddingtheatre.fr\/\",\"name\":\"Compagnie de Th\u00e9\u00e2tre de Rue\",\"description\":\"\",\"publisher\":{\"@id\":\"http:\/\/www.puddingtheatre.fr\/#organization\"},\"potentialAction\":[{\"@type\":\"SearchAction\",\"target\":{\"@type\":\"EntryPoint\",\"urlTemplate\":\"http:\/\/www.puddingtheatre.fr\/?s={search_term_string}\"},\"query-input\":{\"@type\":\"PropertyValueSpecification\",\"valueRequired\":true,\"valueName\":\"search_term_string\"}}],\"inLanguage\":\"fr-FR\"},{\"@type\":\"Organization\",\"@id\":\"http:\/\/www.puddingtheatre.fr\/#organization\",\"name\":\"Compagnie de Th\u00e9\u00e2tre de Rue\",\"url\":\"http:\/\/www.puddingtheatre.fr\/\",\"logo\":{\"@type\":\"ImageObject\",\"inLanguage\":\"fr-FR\",\"@id\":\"http:\/\/www.puddingtheatre.fr\/#\/schema\/logo\/image\/\",\"url\":\"http:\/\/www.puddingtheatre.fr\/wp-content\/uploads\/2023\/04\/cropped-LOGO-noir-sur-blanc.png\",\"contentUrl\":\"http:\/\/www.puddingtheatre.fr\/wp-content\/uploads\/2023\/04\/cropped-LOGO-noir-sur-blanc.png\",\"width\":499,\"height\":329,\"caption\":\"Compagnie de Th\u00e9\u00e2tre de Rue\"},\"image\":{\"@id\":\"http:\/\/www.puddingtheatre.fr\/#\/schema\/logo\/image\/\"}}]}<\/script>\n<!-- \/ Yoast SEO plugin. -->","yoast_head_json":{"title":"Spectacles - Compagnie de Th\u00e9\u00e2tre de Rue","robots":{"index":"index","follow":"follow","max-snippet":"max-snippet:-1","max-image-preview":"max-image-preview:large","max-video-preview":"max-video-preview:-1"},"canonical":"http:\/\/www.puddingtheatre.fr\/?page_id=1241","og_locale":"fr_FR","og_type":"article","og_title":"Spectacles - Compagnie de Th\u00e9\u00e2tre de Rue","og_description":"Le r\u00e9pertoire du Pudding est comme un menu : En entr\u00e9e, des spectacles fixes\u00a0: Un solo tout terrain, r\u00e9cit de vies et d\u2019un artiste Un road-movie litt\u00e9raire et alcool\u00e9mique Un &hellip; Spectacles Lire la suite\u00a0\u00bb","og_url":"http:\/\/www.puddingtheatre.fr\/?page_id=1241","og_site_name":"Compagnie de Th\u00e9\u00e2tre de Rue","article_modified_time":"2022-03-01T08:48:36+00:00","og_image":[{"width":1920,"height":1440,"url":"http:\/\/www.puddingtheatre.fr\/wp-content\/uploads\/2019\/12\/curtain-269920_1920.jpg","type":"image\/jpeg"}],"schema":{"@context":"https:\/\/schema.org","@graph":[{"@type":"WebPage","@id":"http:\/\/www.puddingtheatre.fr\/?page_id=1241","url":"http:\/\/www.puddingtheatre.fr\/?page_id=1241","name":"Spectacles - Compagnie de Th\u00e9\u00e2tre de Rue","isPartOf":{"@id":"http:\/\/www.puddingtheatre.fr\/#website"},"primaryImageOfPage":{"@id":"http:\/\/www.puddingtheatre.fr\/?page_id=1241#primaryimage"},"image":{"@id":"http:\/\/www.puddingtheatre.fr\/?page_id=1241#primaryimage"},"thumbnailUrl":"http:\/\/www.puddingtheatre.fr\/wp-content\/uploads\/2019\/12\/curtain-269920_1920.jpg","datePublished":"2019-09-17T12:24:57+00:00","dateModified":"2022-03-01T08:48:36+00:00","inLanguage":"fr-FR","potentialAction":[{"@type":"ReadAction","target":["http:\/\/www.puddingtheatre.fr\/?page_id=1241"]}]},{"@type":"ImageObject","inLanguage":"fr-FR","@id":"http:\/\/www.puddingtheatre.fr\/?page_id=1241#primaryimage","url":"http:\/\/www.puddingtheatre.fr\/wp-content\/uploads\/2019\/12\/curtain-269920_1920.jpg","contentUrl":"http:\/\/www.puddingtheatre.fr\/wp-content\/uploads\/2019\/12\/curtain-269920_1920.jpg","width":1920,"height":1440},{"@type":"WebSite","@id":"http:\/\/www.puddingtheatre.fr\/#website","url":"http:\/\/www.puddingtheatre.fr\/","name":"Compagnie de Th\u00e9\u00e2tre de Rue","description":"","publisher":{"@id":"http:\/\/www.puddingtheatre.fr\/#organization"},"potentialAction":[{"@type":"SearchAction","target":{"@type":"EntryPoint","urlTemplate":"http:\/\/www.puddingtheatre.fr\/?s={search_term_string}"},"query-input":{"@type":"PropertyValueSpecification","valueRequired":true,"valueName":"search_term_string"}}],"inLanguage":"fr-FR"},{"@type":"Organization","@id":"http:\/\/www.puddingtheatre.fr\/#organization","name":"Compagnie de Th\u00e9\u00e2tre de Rue","url":"http:\/\/www.puddingtheatre.fr\/","logo":{"@type":"ImageObject","inLanguage":"fr-FR","@id":"http:\/\/www.puddingtheatre.fr\/#\/schema\/logo\/image\/","url":"http:\/\/www.puddingtheatre.fr\/wp-content\/uploads\/2023\/04\/cropped-LOGO-noir-sur-blanc.png","contentUrl":"http:\/\/www.puddingtheatre.fr\/wp-content\/uploads\/2023\/04\/cropped-LOGO-noir-sur-blanc.png","width":499,"height":329,"caption":"Compagnie de Th\u00e9\u00e2tre de Rue"},"image":{"@id":"http:\/\/www.puddingtheatre.fr\/#\/schema\/logo\/image\/"}}]}},"_links":{"self":[{"href":"http:\/\/www.puddingtheatre.fr\/index.php?rest_route=\/wp\/v2\/pages\/1241","targetHints":{"allow":["GET"]}}],"collection":[{"href":"http:\/\/www.puddingtheatre.fr\/index.php?rest_route=\/wp\/v2\/pages"}],"about":[{"href":"http:\/\/www.puddingtheatre.fr\/index.php?rest_route=\/wp\/v2\/types\/page"}],"author":[{"embeddable":true,"href":"http:\/\/www.puddingtheatre.fr\/index.php?rest_route=\/wp\/v2\/users\/2"}],"replies":[{"embeddable":true,"href":"http:\/\/www.puddingtheatre.fr\/index.php?rest_route=%2Fwp%2Fv2%2Fcomments&post=1241"}],"version-history":[{"count":10,"href":"http:\/\/www.puddingtheatre.fr\/index.php?rest_route=\/wp\/v2\/pages\/1241\/revisions"}],"predecessor-version":[{"id":1728,"href":"http:\/\/www.puddingtheatre.fr\/index.php?rest_route=\/wp\/v2\/pages\/1241\/revisions\/1728"}],"wp:featuredmedia":[{"embeddable":true,"href":"http:\/\/www.puddingtheatre.fr\/index.php?rest_route=\/wp\/v2\/media\/1308"}],"wp:attachment":[{"href":"http:\/\/www.puddingtheatre.fr\/index.php?rest_route=%2Fwp%2Fv2%2Fmedia&parent=1241"}],"curies":[{"name":"wp","href":"https:\/\/api.w.org\/{rel}","templated":true}]}}